{"id":998,"date":"2013-06-11T22:11:45","date_gmt":"2013-06-11T22:11:45","guid":{"rendered":"http:\/\/almeriamodelismo.com\/wp-al\/?page_id=998"},"modified":"2017-04-16T08:03:09","modified_gmt":"2017-04-16T07:03:09","slug":"aviacion","status":"publish","type":"page","link":"https:\/\/almeriamodelismo.com\/wp-al\/taller\/aviacion\/","title":{"rendered":"Aviaci\u00f3n"},"content":{"rendered":"<table style=\"background-color: #ffffff;\" border=\"0\">\n<tbody>\n<tr>\n<td valign=\"top\"><\/td>\n<td valign=\"top\"><\/td>\n<td valign=\"top\"><\/td>\n<\/tr>\n<tr>\n<td valign=\"top\">\n<p><figure id=\"attachment_8645\" aria-describedby=\"caption-attachment-8645\" style=\"width: 325px\" class=\"wp-caption aligncenter\"><a href=\"https:\/\/almeriamodelismo.com\/wp-al\/tag\/dragon-rapide\/\"><img loading=\"lazy\" decoding=\"async\" class=\"wp-image-8645 size-medium\" src=\"https:\/\/almeriamodelismo.com\/wp-al\/wp-content\/uploads\/2017\/04\/DR_box-325x165.jpg\" alt=\"\" width=\"325\" height=\"165\" srcset=\"https:\/\/almeriamodelismo.com\/wp-al\/wp-content\/uploads\/2017\/04\/DR_box-325x165.jpg 325w, https:\/\/almeriamodelismo.com\/wp-al\/wp-content\/uploads\/2017\/04\/DR_box-375x190.jpg 375w, https:\/\/almeriamodelismo.com\/wp-al\/wp-content\/uploads\/2017\/04\/DR_box-150x76.jpg 150w, https:\/\/almeriamodelismo.com\/wp-al\/wp-content\/uploads\/2017\/04\/DR_box.jpg 640w\" sizes=\"auto, (max-width: 325px) 100vw, 325px\" \/><\/a><figcaption id=\"caption-attachment-8645\" class=\"wp-caption-text\">DH 89 Dragon Rapide, Heller 1\/72<br \/>por Juan Enrique Jim\u00e9nez<\/figcaption><\/figure><\/td>\n<td valign=\"top\">\n<p><figure id=\"attachment_8010\" aria-describedby=\"caption-attachment-8010\" style=\"width: 300px\" class=\"wp-caption aligncenter\"><a href=\"https:\/\/almeriamodelismo.com\/wp-al\/tag\/bf-109-e3\/\"><img loading=\"lazy\" decoding=\"async\" class=\"wp-image-8010 size-medium\" src=\"https:\/\/almeriamodelismo.com\/wp-al\/wp-content\/uploads\/2016\/12\/109_box-300x141.jpg\" width=\"300\" height=\"141\" \/><\/a><figcaption id=\"caption-attachment-8010\" class=\"wp-caption-text\">Bf-109 E-3, Airfix 1\/72<br \/>por Adrian Mart\u00ednez<\/figcaption><\/figure><\/td>\n<td valign=\"top\">\n<p><figure id=\"attachment_7574\" aria-describedby=\"caption-attachment-7574\" style=\"width: 300px\" class=\"wp-caption aligncenter\"><a href=\"https:\/\/almeriamodelismo.com\/wp-al\/tag\/dornier-do-27\/\"><img loading=\"lazy\" decoding=\"async\" class=\"wp-image-7574 size-medium\" src=\"https:\/\/almeriamodelismo.com\/wp-al\/wp-content\/uploads\/2013\/06\/do27-300x200.jpg\" alt=\"do27\" width=\"300\" height=\"200\" \/><\/a><figcaption id=\"caption-attachment-7574\" class=\"wp-caption-text\">Dornier Do-27, Hispano Aviokit 1\/72<br \/>por V\u00edctor Mart\u00ednez<\/figcaption><\/figure><\/td>\n<\/tr>\n<tr>\n<td valign=\"top\">\n<p><figure id=\"attachment_7120\" aria-describedby=\"caption-attachment-7120\" style=\"width: 300px\" class=\"wp-caption aligncenter\"><a href=\"https:\/\/almeriamodelismo.com\/wp-al\/tag\/ch-46d\/\"><img loading=\"lazy\" decoding=\"async\" class=\"wp-image-7120 size-medium\" src=\"https:\/\/almeriamodelismo.com\/wp-al\/wp-content\/uploads\/2016\/07\/CH-46_Box-300x201.jpg\" alt=\"CH-46_Box\" width=\"300\" height=\"201\" \/><\/a><figcaption id=\"caption-attachment-7120\" class=\"wp-caption-text\">CH-46D Seaknight, Hobbyboss 1\/72<br \/> por Paco Lao<\/figcaption><\/figure><\/td>\n<td valign=\"top\">\n<p><figure id=\"attachment_7077\" aria-describedby=\"caption-attachment-7077\" style=\"width: 300px\" class=\"wp-caption aligncenter\"><a href=\"https:\/\/almeriamodelismo.com\/wp-al\/tag\/sea-hurricane\/\"><img loading=\"lazy\" decoding=\"async\" class=\"wp-image-7077 size-medium\" src=\"https:\/\/almeriamodelismo.com\/wp-al\/wp-content\/uploads\/2016\/06\/Sea_Hurricane_box-300x164.jpg\" alt=\"Sea_Hurricane_box\" width=\"300\" height=\"164\" \/><\/a><figcaption id=\"caption-attachment-7077\" class=\"wp-caption-text\">Hawker Sea Hurricane, Airfix 1\/72<br \/>por V\u00edctor Mart\u00ednez<\/figcaption><\/figure><\/td>\n<td valign=\"top\">\n<p><figure id=\"attachment_6134\" aria-describedby=\"caption-attachment-6134\" style=\"width: 300px\" class=\"wp-caption aligncenter\"><a href=\"https:\/\/almeriamodelismo.com\/wp-al\/tag\/spitfire-xivc\/\"><img loading=\"lazy\" decoding=\"async\" class=\"wp-image-6134 size-medium\" src=\"https:\/\/almeriamodelismo.com\/wp-al\/wp-content\/uploads\/2015\/11\/Spit_box-300x132.jpg\" alt=\"Spit_box\" width=\"300\" height=\"132\" \/><\/a><figcaption id=\"caption-attachment-6134\" class=\"wp-caption-text\">Spitfire Mk.XIVc, Academy 1\/72<br \/>por Rub\u00e9n Cuevas<\/figcaption><\/figure><\/td>\n<\/tr>\n<tr>\n<td valign=\"top\">\n<p><figure id=\"attachment_6126\" aria-describedby=\"caption-attachment-6126\" style=\"width: 300px\" class=\"wp-caption aligncenter\"><a href=\"https:\/\/almeriamodelismo.com\/wp-al\/tag\/mig-3-vm\/\"><img loading=\"lazy\" decoding=\"async\" class=\"wp-image-6126 size-medium\" src=\"https:\/\/almeriamodelismo.com\/wp-al\/wp-content\/uploads\/2015\/11\/MiG-3_box-300x205.jpg\" alt=\"MiG-3_box\" width=\"300\" height=\"205\" \/><\/a><figcaption id=\"caption-attachment-6126\" class=\"wp-caption-text\">Mig-3, Hobbyboss 1\/72<br \/>por V\u00edctor Mart\u00ednez<\/figcaption><\/figure><\/td>\n<td valign=\"top\">\n<p><figure id=\"attachment_6119\" aria-describedby=\"caption-attachment-6119\" style=\"width: 300px\" class=\"wp-caption aligncenter\"><a href=\"https:\/\/almeriamodelismo.com\/wp-al\/tag\/zero-vm\/\"><img loading=\"lazy\" decoding=\"async\" class=\"wp-image-6119 size-medium\" src=\"https:\/\/almeriamodelismo.com\/wp-al\/wp-content\/uploads\/2015\/11\/Zero_box-300x161.jpg\" alt=\"Zero_box\" width=\"300\" height=\"161\" \/><\/a><figcaption id=\"caption-attachment-6119\" class=\"wp-caption-text\">Mitsubishi A6M2b Zero, Airfix 1\/72<br \/>por V\u00edctor Mart\u00ednez<\/figcaption><\/figure><\/td>\n<td valign=\"top\">\n<p><figure id=\"attachment_5345\" aria-describedby=\"caption-attachment-5345\" style=\"width: 300px\" class=\"wp-caption aligncenter\"><a href=\"https:\/\/almeriamodelismo.com\/wp-al\/tag\/bu-133\/\"><img loading=\"lazy\" decoding=\"async\" class=\"wp-image-5345 size-medium\" src=\"https:\/\/almeriamodelismo.com\/wp-al\/wp-content\/uploads\/2015\/05\/AM_2015_05_09_074-300x200.jpg\" alt=\"AM_2015_05_09_074\" width=\"300\" height=\"200\" \/><\/a><figcaption id=\"caption-attachment-5345\" class=\"wp-caption-text\">B\u00fccker B\u00fc-133 Jungmeister, Heller 1\/72<br \/>, por V\u00edctor Mart\u00ednez<\/figcaption><\/figure><\/td>\n<\/tr>\n<tr>\n<td valign=\"top\">\n<p><figure id=\"attachment_5248\" aria-describedby=\"caption-attachment-5248\" style=\"width: 300px\" class=\"wp-caption aligncenter\"><a href=\"https:\/\/almeriamodelismo.com\/wp-al\/tag\/dornier-do-24\/\"><img loading=\"lazy\" decoding=\"async\" class=\"wp-image-5248 size-medium\" src=\"https:\/\/almeriamodelismo.com\/wp-al\/wp-content\/uploads\/2015\/04\/Dornier-24_box-300x212.jpg\" alt=\"Dornier-24_box\" width=\"300\" height=\"212\" \/><\/a><figcaption id=\"caption-attachment-5248\" class=\"wp-caption-text\">Dornier Do-24, Italeri 1\/72<br \/>por V\u00edctor Mart\u00ednez (montaje) y Joaqu\u00edn G\u00aa G\u00e1zquez (pintura)<\/figcaption><\/figure><\/td>\n<td valign=\"top\">\n<p><figure id=\"attachment_5038\" aria-describedby=\"caption-attachment-5038\" style=\"width: 300px\" class=\"wp-caption aligncenter\"><a href=\"https:\/\/almeriamodelismo.com\/wp-al\/tag\/zero-jej\/\"><img loading=\"lazy\" decoding=\"async\" class=\"wp-image-5038 size-medium\" src=\"https:\/\/almeriamodelismo.com\/wp-al\/wp-content\/uploads\/2015\/03\/Zero_box-300x161.jpg\" alt=\"Zero_box\" width=\"300\" height=\"161\" \/><\/a><figcaption id=\"caption-attachment-5038\" class=\"wp-caption-text\">Mitsubishi A6M2b Zero, Airfix 1\/72<br \/>por J. Enrique Jimenez<\/figcaption><\/figure><\/td>\n<td valign=\"top\">\n<p><figure id=\"attachment_4209\" aria-describedby=\"caption-attachment-4209\" style=\"width: 300px\" class=\"wp-caption aligncenter\"><a href=\"https:\/\/almeriamodelismo.com\/wp-al\/tag\/me-163-komet\/\"><img loading=\"lazy\" decoding=\"async\" class=\"wp-image-4209 size-medium\" src=\"https:\/\/almeriamodelismo.com\/wp-al\/wp-content\/uploads\/2014\/12\/Komet_box-300x163.jpg\" alt=\"Komet_box\" width=\"300\" height=\"163\" \/><\/a><figcaption id=\"caption-attachment-4209\" class=\"wp-caption-text\">Messerschmitt Me-163 \u00abKomet\u00bb, Heller 1\/72<br \/>por Rub\u00e9n Cuevas<\/figcaption><\/figure><\/td>\n<\/tr>\n<tr>\n<td valign=\"top\">\n<p><figure id=\"attachment_3730\" aria-describedby=\"caption-attachment-3730\" style=\"width: 300px\" class=\"wp-caption aligncenter\"><a href=\"https:\/\/almeriamodelismo.com\/wp-al\/tag\/f4u-1a\/\"><img loading=\"lazy\" decoding=\"async\" class=\"wp-image-3730 size-medium\" src=\"https:\/\/almeriamodelismo.com\/wp-al\/wp-content\/uploads\/2014\/09\/F4U-1A_box-300x196.jpg\" alt=\"F4U-1A_box\" width=\"300\" height=\"196\" \/><\/a><figcaption id=\"caption-attachment-3730\" class=\"wp-caption-text\">Vought F4U-1A Corsair, Tamiya 1\/72<br \/> por V\u00edctor Mart\u00ednez<\/figcaption><\/figure><\/td>\n<td valign=\"top\">\n<p><figure id=\"attachment_3563\" aria-describedby=\"caption-attachment-3563\" style=\"width: 300px\" class=\"wp-caption aligncenter\"><a href=\"https:\/\/almeriamodelismo.com\/wp-al\/tag\/ki-100\/\"><img loading=\"lazy\" decoding=\"async\" class=\"wp-image-3563 size-medium\" src=\"https:\/\/almeriamodelismo.com\/wp-al\/wp-content\/uploads\/2013\/06\/Ki-100_box-300x167.jpg\" alt=\"Ki-100_box\" width=\"300\" height=\"167\" \/><\/a><figcaption id=\"caption-attachment-3563\" class=\"wp-caption-text\">Kawasaki Ki-100 Otsu<br \/> por Joaqu\u00edn G\u00aa G\u00e1zquez<\/figcaption><\/figure><\/td>\n<td valign=\"top\">\n<p><figure id=\"attachment_3852\" aria-describedby=\"caption-attachment-3852\" style=\"width: 300px\" class=\"wp-caption aligncenter\"><a href=\"https:\/\/almeriamodelismo.com\/wp-al\/tag\/folan-gnat\/\"><img loading=\"lazy\" decoding=\"async\" class=\"wp-image-3852 size-medium\" src=\"https:\/\/almeriamodelismo.com\/wp-al\/wp-content\/uploads\/2014\/10\/Folland_Box-300x163.jpg\" alt=\"Folland_Box\" width=\"300\" height=\"163\" \/><\/a><figcaption id=\"caption-attachment-3852\" class=\"wp-caption-text\">Folland Gnat T.1, Heller 1\/72<br \/>por Rub\u00e9n Cuevas<\/figcaption><\/figure><\/td>\n<\/tr>\n<tr>\n<td valign=\"top\">\n<p><figure id=\"attachment_3407\" aria-describedby=\"caption-attachment-3407\" style=\"width: 300px\" class=\"wp-caption aligncenter\"><a href=\"https:\/\/almeriamodelismo.com\/wp-al\/?tag=ki-61\"><img loading=\"lazy\" decoding=\"async\" class=\"wp-image-3407 size-medium\" src=\"https:\/\/almeriamodelismo.com\/wp-al\/wp-content\/uploads\/2014\/07\/Ki-61boxi-300x200.jpg\" alt=\"Ki-61boxi\" width=\"300\" height=\"200\" \/><\/a><figcaption id=\"caption-attachment-3407\" class=\"wp-caption-text\">Ki-61 \u201cTony\u201d<br \/>Hasegawa 1\/48, por Carlos Alba<\/figcaption><\/figure><\/td>\n<td valign=\"top\">\n<p><figure id=\"attachment_3398\" aria-describedby=\"caption-attachment-3398\" style=\"width: 300px\" class=\"wp-caption aligncenter\"><a href=\"https:\/\/almeriamodelismo.com\/wp-al\/?tag=f-102a\"><img loading=\"lazy\" decoding=\"async\" class=\"wp-image-3398 size-medium\" src=\"https:\/\/almeriamodelismo.com\/wp-al\/wp-content\/uploads\/2013\/06\/F-102_box-300x200.jpg\" alt=\"F-102_box\" width=\"300\" height=\"200\" \/><\/a><figcaption id=\"caption-attachment-3398\" class=\"wp-caption-text\">Convair F-102A<br \/>Meng 1\/72, por Carlos Alba<\/figcaption><\/figure><\/td>\n<td valign=\"top\">\n<p><figure id=\"attachment_3163\" aria-describedby=\"caption-attachment-3163\" style=\"width: 300px\" class=\"wp-caption aligncenter\"><a href=\"https:\/\/almeriamodelismo.com\/wp-al\/?tag=i-16\"><img loading=\"lazy\" decoding=\"async\" class=\"wp-image-3163 size-medium\" src=\"https:\/\/almeriamodelismo.com\/wp-al\/wp-content\/uploads\/2013\/06\/I-16_box-300x200.jpg\" alt=\"I-16_box\" width=\"300\" height=\"200\" \/><\/a><figcaption id=\"caption-attachment-3163\" class=\"wp-caption-text\">Polikarpov I-16 Type 10 (transform. type 24),<br \/> Hasegawa 1\/72, por Juan Enrique Jimenez<\/figcaption><\/figure><\/td>\n<\/tr>\n<tr>\n<td valign=\"top\">\n<p><figure id=\"attachment_2778\" aria-describedby=\"caption-attachment-2778\" style=\"width: 300px\" class=\"wp-caption aligncenter\"><a href=\"https:\/\/almeriamodelismo.com\/wp-al\/?tag=bv-40\"><img loading=\"lazy\" decoding=\"async\" class=\"wp-image-2778 size-medium\" src=\"https:\/\/almeriamodelismo.com\/wp-al\/wp-content\/uploads\/2013\/06\/BV-40_box-300x208.jpg\" alt=\"\" width=\"300\" height=\"208\" \/><\/a><figcaption id=\"caption-attachment-2778\" class=\"wp-caption-text\">Blohm &amp; Voss BV-40, Brengun 1\/72,<br \/>por V\u00edctor Mart\u00ednez<\/figcaption><\/figure><\/td>\n<td valign=\"top\">\n<p><figure id=\"attachment_2718\" aria-describedby=\"caption-attachment-2718\" style=\"width: 300px\" class=\"wp-caption aligncenter\"><a href=\"https:\/\/almeriamodelismo.com\/wp-al\/?tag=ta-152-h-0\"><img loading=\"lazy\" decoding=\"async\" class=\"wp-image-2718 size-medium\" src=\"https:\/\/almeriamodelismo.com\/wp-al\/wp-content\/uploads\/2014\/05\/AM_2014_05_03_111-300x200.jpg\" alt=\"AM_2014_05_03_111\" width=\"300\" height=\"200\" \/><\/a><figcaption id=\"caption-attachment-2718\" class=\"wp-caption-text\">Focke Wulf Ta 152H-0, Aoshima 1\/72<br \/>por V\u00edctor M\u00e1rtinez.<\/figcaption><\/figure><\/td>\n<td valign=\"top\">\n<p><figure id=\"attachment_1805\" aria-describedby=\"caption-attachment-1805\" style=\"width: 300px\" class=\"wp-caption aligncenter\"><a href=\"https:\/\/almeriamodelismo.com\/wp-al\/?tag=f4f-4-wildcat\"><img loading=\"lazy\" decoding=\"async\" class=\"size-full wp-image-1805\" src=\"https:\/\/almeriamodelismo.com\/wp-al\/wp-content\/uploads\/2013\/12\/Wildcat_F4F-4_box.jpg\" alt=\"Wildcat_F4F-4_box\" width=\"300\" height=\"218\" srcset=\"https:\/\/almeriamodelismo.com\/wp-al\/wp-content\/uploads\/2013\/12\/Wildcat_F4F-4_box.jpg 300w, https:\/\/almeriamodelismo.com\/wp-al\/wp-content\/uploads\/2013\/12\/Wildcat_F4F-4_box-150x109.jpg 150w\" sizes=\"auto, (max-width: 300px) 100vw, 300px\" \/><\/a><figcaption id=\"caption-attachment-1805\" class=\"wp-caption-text\">Grumman F4F-4 Wildcat,<br \/>por V\u00edctor Mart\u00ednez y Joaqu\u00edn G\u00aa G\u00e1zquez<\/figcaption><\/figure><\/td>\n<\/tr>\n<tr>\n<td valign=\"top\">\n<p><figure id=\"attachment_1766\" aria-describedby=\"caption-attachment-1766\" style=\"width: 300px\" class=\"wp-caption aligncenter\"><a href=\"https:\/\/almeriamodelismo.com\/wp-al\/?tag=p-63\"><img loading=\"lazy\" decoding=\"async\" class=\"size-medium wp-image-1766\" src=\"https:\/\/almeriamodelismo.com\/wp-al\/wp-content\/uploads\/2013\/12\/AM_2013_11_30_032-300x185.jpg\" alt=\"AM_2013_11_30_032\" width=\"300\" height=\"185\" \/><\/a><figcaption id=\"caption-attachment-1766\" class=\"wp-caption-text\">Bell P-63A Kingcobra,<br \/>por V\u00edctor Mart\u00ednez<\/figcaption><\/figure><\/td>\n<td valign=\"top\">\n<p><figure id=\"attachment_1626\" aria-describedby=\"caption-attachment-1626\" style=\"width: 300px\" class=\"wp-caption aligncenter\"><a href=\"https:\/\/almeriamodelismo.com\/wp-al\/?p=1625\"><img loading=\"lazy\" decoding=\"async\" class=\"size-medium wp-image-1626\" src=\"https:\/\/almeriamodelismo.com\/wp-al\/wp-content\/uploads\/2013\/11\/F-18_BA_box-300x195.jpg\" alt=\"F-18_BA_box\" width=\"300\" height=\"195\" \/><\/a><figcaption id=\"caption-attachment-1626\" class=\"wp-caption-text\">F\/A-18 Hornet,<br \/>por Carlos Alba<\/figcaption><\/figure><\/td>\n<td valign=\"top\">\n<p><figure id=\"attachment_1376\" aria-describedby=\"caption-attachment-1376\" style=\"width: 300px\" class=\"wp-caption aligncenter\"><a href=\"https:\/\/almeriamodelismo.com\/wp-al\/?tag=mig-3\"><img loading=\"lazy\" decoding=\"async\" class=\"size-medium wp-image-1376\" src=\"https:\/\/almeriamodelismo.com\/wp-al\/wp-content\/uploads\/2013\/08\/Mig-3_box-300x199.jpg\" alt=\"Mig-3_box\" width=\"300\" height=\"199\" \/><\/a><figcaption id=\"caption-attachment-1376\" class=\"wp-caption-text\">Mig-3 \u00abEarly Version\u00bb,<br \/>por Martin Gomez<\/figcaption><\/figure><\/td>\n<\/tr>\n<tr>\n<td valign=\"top\">\n<p><figure id=\"attachment_1272\" aria-describedby=\"caption-attachment-1272\" style=\"width: 300px\" class=\"wp-caption aligncenter\"><a href=\"https:\/\/almeriamodelismo.com\/wp-al\/?tag=p-40n\"><img loading=\"lazy\" decoding=\"async\" class=\"size-medium wp-image-1272\" src=\"https:\/\/almeriamodelismo.com\/wp-al\/wp-content\/uploads\/2013\/07\/P-40-box-300x166.jpg\" alt=\"P-40-box\" width=\"300\" height=\"166\" \/><\/a><figcaption id=\"caption-attachment-1272\" class=\"wp-caption-text\">Curtiss P-40N, Hasegawa 1\/48,<br \/>por Joaquin G\u00aa Gazquez<\/figcaption><\/figure><\/td>\n<td valign=\"top\">\n<p><figure id=\"attachment_1277\" aria-describedby=\"caption-attachment-1277\" style=\"width: 300px\" class=\"wp-caption aligncenter\"><a href=\"https:\/\/almeriamodelismo.com\/wp-al\/?tag=gloster-gladiator\"><img loading=\"lazy\" decoding=\"async\" class=\"size-medium wp-image-1277 \" src=\"https:\/\/almeriamodelismo.com\/wp-al\/wp-content\/uploads\/2013\/07\/Gladiator_box-300x160.jpg\" alt=\"Gladiator_box\" width=\"300\" height=\"160\" \/><\/a><figcaption id=\"caption-attachment-1277\" class=\"wp-caption-text\">Gloster Gladiator Mk.I, Airfix 1\/72,<br \/>por Martin Gomez<\/figcaption><\/figure><\/td>\n<td valign=\"top\">\n<p><figure id=\"attachment_771\" aria-describedby=\"caption-attachment-771\" style=\"width: 300px\" class=\"wp-caption aligncenter\"><a href=\"https:\/\/almeriamodelismo.com\/wp-al\/?tag=raiden-j2m5\" rel=\"attachment wp-att-771\"><img loading=\"lazy\" decoding=\"async\" class=\"size-medium wp-image-771 \" src=\"https:\/\/almeriamodelismo.com\/wp-al\/wp-content\/uploads\/2013\/05\/Raiden_000_box-300x209.jpg\" alt=\"Raiden_000_box\" width=\"300\" height=\"209\" \/><\/a><figcaption id=\"caption-attachment-771\" class=\"wp-caption-text\">J2M5\/6, Sword 1\/72,<br \/>por V\u00edctor Mart\u00ednez y Joaqu\u00edn G\u00aa G\u00e1zquez.<\/figcaption><\/figure><\/td>\n<\/tr>\n<tr>\n<td style=\"background-color: #ffffff;\">\n<p><figure id=\"attachment_609\" aria-describedby=\"caption-attachment-609\" style=\"width: 300px\" class=\"wp-caption aligncenter\"><a href=\"https:\/\/almeriamodelismo.com\/wp-al\/?tag=fw-190a-8r2\" rel=\"attachment wp-att-609\"><img loading=\"lazy\" decoding=\"async\" class=\"size-medium wp-image-609 \" src=\"https:\/\/almeriamodelismo.com\/wp-al\/wp-content\/uploads\/2013\/04\/Fw-190_CA_box-300x181.jpg\" alt=\"Fw-190_CA_box\" width=\"300\" height=\"181\" \/><\/a><figcaption id=\"caption-attachment-609\" class=\"wp-caption-text\">FW 190A-8\/R2, Eduard 1\/48,<br \/>por Carlos Alba<\/figcaption><\/figure><\/td>\n<td style=\"background-color: #ffffff;\">\n<p><figure id=\"attachment_465\" aria-describedby=\"caption-attachment-465\" style=\"width: 300px\" class=\"wp-caption aligncenter\"><a href=\"https:\/\/almeriamodelismo.com\/wp-al\/?tag=hurricane\" rel=\"attachment wp-att-465\"><img loading=\"lazy\" decoding=\"async\" class=\"size-full wp-image-465 \" src=\"https:\/\/almeriamodelismo.com\/wp-al\/wp-content\/uploads\/2013\/03\/Hurricane_box.jpg\" alt=\"Hurricane_box\" width=\"300\" height=\"179\" srcset=\"https:\/\/almeriamodelismo.com\/wp-al\/wp-content\/uploads\/2013\/03\/Hurricane_box.jpg 300w, https:\/\/almeriamodelismo.com\/wp-al\/wp-content\/uploads\/2013\/03\/Hurricane_box-150x90.jpg 150w\" sizes=\"auto, (max-width: 300px) 100vw, 300px\" \/><\/a><figcaption id=\"caption-attachment-465\" class=\"wp-caption-text\">Hawker Hurricane, Sweet 1\/144,<br \/>por Juan Jose Moreno<\/figcaption><\/figure><\/td>\n<td style=\"background-color: #ffffff;\">\n<p><figure id=\"attachment_512\" aria-describedby=\"caption-attachment-512\" style=\"width: 300px\" class=\"wp-caption aligncenter\"><a href=\"https:\/\/almeriamodelismo.com\/wp-al\/?tag=letov-s-231\" rel=\"attachment wp-att-512\"><img loading=\"lazy\" decoding=\"async\" class=\"size-medium wp-image-512 \" src=\"https:\/\/almeriamodelismo.com\/wp-al\/wp-content\/uploads\/2013\/03\/Letov_S-331_box-300x196.jpg\" alt=\"Letov_S-331_box\" width=\"300\" height=\"196\" \/><\/a><figcaption id=\"caption-attachment-512\" class=\"wp-caption-text\">Letov S-231, Kovozavody Prostejov 1\/72,<br \/>por V\u00edctor Mart\u00ednez<\/figcaption><\/figure><\/td>\n<\/tr>\n<\/tbody>\n<\/table>\n<p>&nbsp;<\/p>\n","protected":false},"excerpt":{"rendered":"<p>&nbsp;<\/p>\n","protected":false},"author":1,"featured_media":3006,"parent":486,"menu_order":0,"comment_status":"open","ping_status":"open","template":"templates\/template-onecolumn.php","meta":{"jetpack_post_was_ever_published":false,"footnotes":""},"class_list":["post-998","page","type-page","status-publish","has-post-thumbnail","hentry"],"jetpack_shortlink":"https:\/\/wp.me\/P3moJ4-g6","jetpack_sharing_enabled":true,"jetpack_likes_enabled":true,"_links":{"self":[{"href":"https:\/\/almeriamodelismo.com\/wp-al\/wp-json\/wp\/v2\/pages\/998","targetHints":{"allow":["GET"]}}],"collection":[{"href":"https:\/\/almeriamodelismo.com\/wp-al\/wp-json\/wp\/v2\/pages"}],"about":[{"href":"https:\/\/almeriamodelismo.com\/wp-al\/wp-json\/wp\/v2\/types\/page"}],"author":[{"embeddable":true,"href":"https:\/\/almeriamodelismo.com\/wp-al\/wp-json\/wp\/v2\/users\/1"}],"replies":[{"embeddable":true,"href":"https:\/\/almeriamodelismo.com\/wp-al\/wp-json\/wp\/v2\/comments?post=998"}],"version-history":[{"count":40,"href":"https:\/\/almeriamodelismo.com\/wp-al\/wp-json\/wp\/v2\/pages\/998\/revisions"}],"predecessor-version":[{"id":8674,"href":"https:\/\/almeriamodelismo.com\/wp-al\/wp-json\/wp\/v2\/pages\/998\/revisions\/8674"}],"up":[{"embeddable":true,"href":"https:\/\/almeriamodelismo.com\/wp-al\/wp-json\/wp\/v2\/pages\/486"}],"wp:featuredmedia":[{"embeddable":true,"href":"https:\/\/almeriamodelismo.com\/wp-al\/wp-json\/wp\/v2\/media\/3006"}],"wp:attachment":[{"href":"https:\/\/almeriamodelismo.com\/wp-al\/wp-json\/wp\/v2\/media?parent=998"}],"curies":[{"name":"wp","href":"https:\/\/api.w.org\/{rel}","templated":true}]}}