{"id":9935,"date":"2018-05-02T18:41:56","date_gmt":"2018-05-02T17:41:56","guid":{"rendered":"http:\/\/almeriamodelismo.com\/wp-al\/?page_id=9935"},"modified":"2018-05-04T06:02:21","modified_gmt":"2018-05-04T05:02:21","slug":"curso-basico-pintura-figuras","status":"publish","type":"page","link":"https:\/\/almeriamodelismo.com\/wp-al\/curso-basico-pintura-figuras\/","title":{"rendered":"Curso B\u00e1sico Pintura Figuras"},"content":{"rendered":"<p><a href=\"https:\/\/almeriamodelismo.com\/wp-al\/wp-content\/uploads\/2018\/05\/Basico-Figuras.png\"><img loading=\"lazy\" decoding=\"async\" class=\"aligncenter size-full wp-image-9939\" src=\"https:\/\/almeriamodelismo.com\/wp-al\/wp-content\/uploads\/2018\/05\/Basico-Figuras.png\" alt=\"\" width=\"1000\" height=\"654\" \/><\/a><\/p>\n<h2>1\u00a0\u00a0\u00a0\u00a0\u00a0 Informacion General:<\/h2>\n<p>De Aplicaci\u00f3n para Figuras Hist\u00f3ricas y de Fantas\u00eda.<\/p>\n<p>El curso tratar\u00e1 los conceptos b\u00e1sicos de la Pintura de Figuras, imprescindibles para cualquier modelista que se quiera iniciar o avanzar en esta vertiente del Hobby, el Objetivo es sentar las bases y fundamentos, para pintar figuras correctamente.<\/p>\n<p>El nivel del Curso, est\u00e1 orientado a modelistas noveles, o bien a aquellos que practicando otras modalidades, quiera empezar a pintar figuras.<\/p>\n<p>Este Curso B\u00e1sico se desarrollar\u00e1 en DOS tardes, los d\u00edas 2 y 9 de Junio, de 16:30 h a 21:00 horas.<\/p>\n<p>Ser\u00e1 impartido por Paulino Barros Perez y Joaquin Garcia Gazquez, experimentados modelistas y pintores de figuras, con numerosos art\u00edculos publicados y galardones tanto en concursos nacionales como internacionales.<\/p>\n<h2>2\u00a0\u00a0\u00a0\u00a0\u00a0 Programa del Curso:<\/h2>\n<h3>2.1\u00a0\u00a0\u00a0\u00a0\u00a0\u00a0\u00a0\u00a0 Jornada 1: Preparaci\u00f3n de la Miniatura.<\/h3>\n<ul>\n<li>Limpieza de las Piezas.<\/li>\n<li>Montaje, orientado a facilitar el trabajo de pintura.<\/li>\n<li>Sujeci\u00f3n de las Piezas.<\/li>\n<li>Imprimaci\u00f3n.<\/li>\n<\/ul>\n<h3>2.2\u00a0\u00a0\u00a0\u00a0\u00a0\u00a0\u00a0\u00a0 Jornada 2: Fundamentos de Iluminaci\u00f3n y sombreado.<\/h3>\n<ul>\n<li>El concepto de Luz Cenital.<\/li>\n<li>Luces y sombras. Como aprender a ver la figura.<\/li>\n<li>Aplicaci\u00f3n de Color Base.<\/li>\n<li>Luces y Sombras, subidas y bajadas de luz.<\/li>\n<li>Perfilado.<\/li>\n<\/ul>\n<h2>3\u00a0\u00a0\u00a0\u00a0\u00a0 Materiales Necesarios:<\/h2>\n<p>Para el material necesario, cada alumno traer\u00e1 su figura, herramientas y pinturas, no obstante se tratara personalizadamente a cada alumno, para aprovechar el material propio del Club Almer\u00eda Modelismo, y el desembolso extra que tenga que hacer cada alumno, sea m\u00ednimo.<\/p>\n<h2>4\u00a0\u00a0\u00a0\u00a0\u00a0 Lugar:<\/h2>\n<p><a href=\"https:\/\/almeriamodelismo.com\/wp-al\/donde-estamos\/\" target=\"_blank\" rel=\"noopener\">Local Club Almer\u00eda Modelismo<\/a>, C\/Universidad de Texas, 9, Bajo, 04006 Almer\u00eda.<\/p>\n<p>El local est\u00e1 habilitado y adaptado con todos los medios necesarios para la pr\u00e1ctica del hobby.<\/p>\n<h2>5\u00a0\u00a0\u00a0\u00a0\u00a0 Precio Curso:<\/h2>\n<h1><strong>10,00 \u20ac<\/strong><\/h1>\n<p>Plazas Limitadas<\/p>\n<h2>6\u00a0\u00a0\u00a0\u00a0\u00a0 Inscripciones e Informaci\u00f3n Adicional:<\/h2>\n<p>E-Mail:\u00a0 <a href=\"mailto:al.mod@almeriamodelismo.com\">al.mod@almeriamodelismo.com<\/a><\/p>\n<p>M\u00f3vil: 636 96 36 80 \/ 640 165 148<\/p>\n<p>&nbsp;<\/p>\n","protected":false},"excerpt":{"rendered":"<p>1\u00a0\u00a0\u00a0\u00a0\u00a0 Informacion General: De Aplicaci\u00f3n para Figuras Hist\u00f3ricas y de Fantas\u00eda. El curso tratar\u00e1 los conceptos b\u00e1sicos de la Pintura&hellip; <\/p>\n","protected":false},"author":1,"featured_media":0,"parent":0,"menu_order":0,"comment_status":"closed","ping_status":"closed","template":"templates\/template-onecolumn.php","meta":{"footnotes":""},"class_list":["post-9935","page","type-page","status-publish","hentry"],"jetpack_shortlink":"https:\/\/wp.me\/P3moJ4-2Af","jetpack_sharing_enabled":true,"jetpack_likes_enabled":true,"_links":{"self":[{"href":"https:\/\/almeriamodelismo.com\/wp-al\/wp-json\/wp\/v2\/pages\/9935","targetHints":{"allow":["GET"]}}],"collection":[{"href":"https:\/\/almeriamodelismo.com\/wp-al\/wp-json\/wp\/v2\/pages"}],"about":[{"href":"https:\/\/almeriamodelismo.com\/wp-al\/wp-json\/wp\/v2\/types\/page"}],"author":[{"embeddable":true,"href":"https:\/\/almeriamodelismo.com\/wp-al\/wp-json\/wp\/v2\/users\/1"}],"replies":[{"embeddable":true,"href":"https:\/\/almeriamodelismo.com\/wp-al\/wp-json\/wp\/v2\/comments?post=9935"}],"version-history":[{"count":5,"href":"https:\/\/almeriamodelismo.com\/wp-al\/wp-json\/wp\/v2\/pages\/9935\/revisions"}],"predecessor-version":[{"id":9947,"href":"https:\/\/almeriamodelismo.com\/wp-al\/wp-json\/wp\/v2\/pages\/9935\/revisions\/9947"}],"wp:attachment":[{"href":"https:\/\/almeriamodelismo.com\/wp-al\/wp-json\/wp\/v2\/media?parent=9935"}],"curies":[{"name":"wp","href":"https:\/\/api.w.org\/{rel}","templated":true}]}}