{"id":9185,"date":"2017-09-07T17:15:19","date_gmt":"2017-09-07T15:15:19","guid":{"rendered":"http:\/\/almeriamodelismo.com\/wp-al\/?page_id=9185"},"modified":"2023-09-15T09:02:20","modified_gmt":"2023-09-15T07:02:20","slug":"quienes-somos","status":"publish","type":"page","link":"https:\/\/almeriamodelismo.com\/wp-al\/quienes-somos\/","title":{"rendered":"Sobre nosotros"},"content":{"rendered":"<p><strong>Almer\u00eda Modelismo <\/strong>es una asociaci\u00f3n sin \u00e1nimo de lucro nacida con fines de difundir, impulsar, ense\u00f1ar y dar a conocer el hobby del modelismo.<\/p>\n<p>Podr\u00e1s aprender las t\u00e9cnicas de montaje, pintura, envejecimiento, creaci\u00f3n de bases y terrenos&#8230; No importa tu nivel de conocimiento del hobby, tanto el principiante como el modelista m\u00e1s avanzado tienen su sitio en esta asociaci\u00f3n.<\/p>\n<p>La Asociaci\u00f3n Club Almer\u00eda Modelismo tiene su local de actividades en <strong>calle Jos\u00e9 Art\u00e9s de Arcos 34, Entreplanta, Local D<\/strong> de la Ciudad de Almer\u00eda.<\/p>\n<p>All\u00ed podr\u00e1s encontrarnos <strong>todos los S\u00e1bados de 16:30 h a 21:00 h<\/strong>, puedes pasarte sin ning\u00fan compromiso y conocernos. Tambi\u00e9n puedes contactar con nosotros a trav\u00e9s del e-mail<strong> <a href=\"mailto:info@almeriamodelismo.com\">info@almeriamodelismo.com<\/a><\/strong><\/p>\n<p>El primer s\u00e1bado al mes hacemos adem\u00e1s un \u00abFull-Day\u00bb completo de modelismo, de 10:30 a 21:00 h., con comida informal en un restaurante cercano.<\/p>\n<p>Adem\u00e1s de las reuniones semanales se realizan <strong>cursillos y talleres<\/strong> para profundizar en los diferentes aspectos del hobby, ya sean pinturas de caras, de prendas de tela o cuero, de uniformes, envejecido de veh\u00edculos&#8230; No importa el nivel que tengas, seguro que aprendes.<\/p>\n<p><iframe loading=\"lazy\" style=\"border: 0;\" src=\"https:\/\/www.google.com\/maps\/embed?pb=!1m18!1m12!1m3!1d1898.7748305384564!2d-2.4598661876212784!3d36.83419121483856!2m3!1f0!2f0!3f0!3m2!1i1024!2i768!4f13.1!3m3!1m2!1s0xd7a9d7255ef5af7%3A0xe9ca6c2a646d47c6!2sAlmer%C3%ADa%20Modelismo!5e0!3m2!1ses!2ses!4v1694759802420!5m2!1ses!2ses\" width=\"600\" height=\"450\" allowfullscreen=\"allowfullscreen\"><\/iframe><\/p>\n<p>&nbsp;<\/p>\n","protected":false},"excerpt":{"rendered":"<p>Almer\u00eda Modelismo es una asociaci\u00f3n sin \u00e1nimo de lucro nacida con fines de difundir, impulsar, ense\u00f1ar y dar a conocer&hellip; <\/p>\n","protected":false},"author":1,"featured_media":14857,"parent":0,"menu_order":0,"comment_status":"closed","ping_status":"closed","template":"","meta":{"jetpack_post_was_ever_published":false,"footnotes":""},"class_list":["post-9185","page","type-page","status-publish","has-post-thumbnail","hentry"],"jetpack_shortlink":"https:\/\/wp.me\/P3moJ4-2o9","jetpack_sharing_enabled":true,"jetpack_likes_enabled":false,"_links":{"self":[{"href":"https:\/\/almeriamodelismo.com\/wp-al\/wp-json\/wp\/v2\/pages\/9185","targetHints":{"allow":["GET"]}}],"collection":[{"href":"https:\/\/almeriamodelismo.com\/wp-al\/wp-json\/wp\/v2\/pages"}],"about":[{"href":"https:\/\/almeriamodelismo.com\/wp-al\/wp-json\/wp\/v2\/types\/page"}],"author":[{"embeddable":true,"href":"https:\/\/almeriamodelismo.com\/wp-al\/wp-json\/wp\/v2\/users\/1"}],"replies":[{"embeddable":true,"href":"https:\/\/almeriamodelismo.com\/wp-al\/wp-json\/wp\/v2\/comments?post=9185"}],"version-history":[{"count":18,"href":"https:\/\/almeriamodelismo.com\/wp-al\/wp-json\/wp\/v2\/pages\/9185\/revisions"}],"predecessor-version":[{"id":14864,"href":"https:\/\/almeriamodelismo.com\/wp-al\/wp-json\/wp\/v2\/pages\/9185\/revisions\/14864"}],"wp:featuredmedia":[{"embeddable":true,"href":"https:\/\/almeriamodelismo.com\/wp-al\/wp-json\/wp\/v2\/media\/14857"}],"wp:attachment":[{"href":"https:\/\/almeriamodelismo.com\/wp-al\/wp-json\/wp\/v2\/media?parent=9185"}],"curies":[{"name":"wp","href":"https:\/\/api.w.org\/{rel}","templated":true}]}}