{"id":673,"date":"2013-04-23T15:33:52","date_gmt":"2013-04-23T15:33:52","guid":{"rendered":"http:\/\/almeriamodelismo.com\/wp-al\/?page_id=673"},"modified":"2014-05-28T00:15:59","modified_gmt":"2014-05-27T22:15:59","slug":"post-del-rincon-del-principiante","status":"publish","type":"page","link":"https:\/\/almeriamodelismo.com\/wp-al\/rincon-del-principiante\/post-del-rincon-del-principiante\/","title":{"rendered":"Posts"},"content":{"rendered":"<h5>Informaci\u00f3n General:<\/h5>\n<p><a href=\"https:\/\/almeriamodelismo.com\/wp-al\/?p=413\">Model Kit Top Gun<\/a>; para que sepas cual es el mejor kit para comprar.<\/p>\n<p><a href=\"http:\/\/modelhobby.eu\/\" target=\"_blank\">http:\/\/modelhobby.eu\/<\/a>; p\u00e1gina de referencia, ideas, maquetas, etc.<\/p>\n<h5>Informaci\u00f3n sobre un modelo espec\u00edfico:<\/h5>\n<p><a href=\"https:\/\/almeriamodelismo.com\/wp-al\/?p=704\">Tractor T-20 \u00abKomsomolets\u00bb<\/a>; revisi\u00f3n de la maqueta de Mirror Models e Historia de este Tractor Sovi\u00e9tico de Artiller\u00eda, por Jes\u00fas Alcocer.<\/p>\n","protected":false},"excerpt":{"rendered":"<p>Informaci\u00f3n General: Model Kit Top Gun; para que sepas cual es el mejor kit para comprar. http:\/\/modelhobby.eu\/; p\u00e1gina de referencia,&hellip; <\/p>\n","protected":false},"author":1,"featured_media":0,"parent":215,"menu_order":0,"comment_status":"open","ping_status":"open","template":"templates\/template-onecolumn.php","meta":{"footnotes":""},"class_list":["post-673","page","type-page","status-publish","hentry"],"jetpack_shortlink":"https:\/\/wp.me\/P3moJ4-aR","jetpack_sharing_enabled":true,"jetpack_likes_enabled":true,"_links":{"self":[{"href":"https:\/\/almeriamodelismo.com\/wp-al\/wp-json\/wp\/v2\/pages\/673","targetHints":{"allow":["GET"]}}],"collection":[{"href":"https:\/\/almeriamodelismo.com\/wp-al\/wp-json\/wp\/v2\/pages"}],"about":[{"href":"https:\/\/almeriamodelismo.com\/wp-al\/wp-json\/wp\/v2\/types\/page"}],"author":[{"embeddable":true,"href":"https:\/\/almeriamodelismo.com\/wp-al\/wp-json\/wp\/v2\/users\/1"}],"replies":[{"embeddable":true,"href":"https:\/\/almeriamodelismo.com\/wp-al\/wp-json\/wp\/v2\/comments?post=673"}],"version-history":[{"count":11,"href":"https:\/\/almeriamodelismo.com\/wp-al\/wp-json\/wp\/v2\/pages\/673\/revisions"}],"predecessor-version":[{"id":2618,"href":"https:\/\/almeriamodelismo.com\/wp-al\/wp-json\/wp\/v2\/pages\/673\/revisions\/2618"}],"up":[{"embeddable":true,"href":"https:\/\/almeriamodelismo.com\/wp-al\/wp-json\/wp\/v2\/pages\/215"}],"wp:attachment":[{"href":"https:\/\/almeriamodelismo.com\/wp-al\/wp-json\/wp\/v2\/media?parent=673"}],"curies":[{"name":"wp","href":"https:\/\/api.w.org\/{rel}","templated":true}]}}