{"id":486,"date":"2013-03-31T07:58:22","date_gmt":"2013-03-31T07:58:22","guid":{"rendered":"http:\/\/almeriamodelismo.com\/wp-al\/?page_id=486"},"modified":"2015-07-30T18:21:42","modified_gmt":"2015-07-30T17:21:42","slug":"taller","status":"publish","type":"page","link":"https:\/\/almeriamodelismo.com\/wp-al\/taller\/","title":{"rendered":"Taller"},"content":{"rendered":"<h2 style=\"text-align: center;\">Aqu\u00ed podr\u00e1s seguir nuestros trabajos:<\/h2>\n<p>&nbsp;<\/p>\n<table>\n<tbody>\n<tr>\n<td><a href=\"https:\/\/almeriamodelismo.com\/wp-al\/?page_id=998\"><img loading=\"lazy\" decoding=\"async\" class=\"aligncenter wp-image-2581 size-full\" src=\"https:\/\/almeriamodelismo.com\/wp-al\/wp-content\/uploads\/2013\/03\/icon-airplane.jpg\" alt=\"icon-airplane\" width=\"200\" height=\"133\" srcset=\"https:\/\/almeriamodelismo.com\/wp-al\/wp-content\/uploads\/2013\/03\/icon-airplane.jpg 200w, https:\/\/almeriamodelismo.com\/wp-al\/wp-content\/uploads\/2013\/03\/icon-airplane-150x100.jpg 150w\" sizes=\"auto, (max-width: 200px) 100vw, 200px\" \/><\/a><\/p>\n<h3 style=\"text-align: center;\">Aviaci\u00f3n<\/h3>\n<\/td>\n<td><a href=\"https:\/\/almeriamodelismo.com\/wp-al\/taller\/escenificaciones\/\"><img loading=\"lazy\" decoding=\"async\" class=\"aligncenter wp-image-2582 size-full\" src=\"https:\/\/almeriamodelismo.com\/wp-al\/wp-content\/uploads\/2013\/03\/icon-escenas_02.jpg\" alt=\"icon-escenas_02\" width=\"200\" height=\"133\" srcset=\"https:\/\/almeriamodelismo.com\/wp-al\/wp-content\/uploads\/2013\/03\/icon-escenas_02.jpg 200w, https:\/\/almeriamodelismo.com\/wp-al\/wp-content\/uploads\/2013\/03\/icon-escenas_02-150x100.jpg 150w\" sizes=\"auto, (max-width: 200px) 100vw, 200px\" \/><\/a><\/p>\n<h3 style=\"text-align: center;\">Escenificaciones<\/h3>\n<\/td>\n<td><a href=\"https:\/\/almeriamodelismo.com\/wp-al\/?page_id=1527\"><img loading=\"lazy\" decoding=\"async\" class=\"aligncenter wp-image-2583 size-full\" src=\"https:\/\/almeriamodelismo.com\/wp-al\/wp-content\/uploads\/2013\/03\/icon-figure.jpg\" alt=\"icon-figure\" width=\"200\" height=\"133\" srcset=\"https:\/\/almeriamodelismo.com\/wp-al\/wp-content\/uploads\/2013\/03\/icon-figure.jpg 200w, https:\/\/almeriamodelismo.com\/wp-al\/wp-content\/uploads\/2013\/03\/icon-figure-150x100.jpg 150w\" sizes=\"auto, (max-width: 200px) 100vw, 200px\" \/><\/a><\/p>\n<h3 style=\"text-align: center;\">Figuras<\/h3>\n<\/td>\n<\/tr>\n<tr>\n<td><a href=\"https:\/\/almeriamodelismo.com\/wp-al\/?page_id=1002\"><img loading=\"lazy\" decoding=\"async\" class=\"aligncenter wp-image-2584 size-full\" src=\"https:\/\/almeriamodelismo.com\/wp-al\/wp-content\/uploads\/2013\/03\/icon-ship.jpg\" alt=\"icon-ship\" width=\"200\" height=\"133\" srcset=\"https:\/\/almeriamodelismo.com\/wp-al\/wp-content\/uploads\/2013\/03\/icon-ship.jpg 200w, https:\/\/almeriamodelismo.com\/wp-al\/wp-content\/uploads\/2013\/03\/icon-ship-150x100.jpg 150w\" sizes=\"auto, (max-width: 200px) 100vw, 200px\" \/><\/a><\/p>\n<h3 style=\"text-align: center;\">Naval<\/h3>\n<\/td>\n<td><a href=\"https:\/\/almeriamodelismo.com\/wp-al\/taller\/sci-fy-y-fantasia\/\"><img loading=\"lazy\" decoding=\"async\" class=\"aligncenter wp-image-3682\" src=\"https:\/\/almeriamodelismo.com\/wp-al\/wp-content\/uploads\/2013\/03\/icon-scifi-300x199.jpg\" alt=\"icon-scifi\" width=\"200\" height=\"133\" \/><\/a><\/p>\n<h3 style=\"text-align: center;\">Sci-Fy y Fantas\u00eda<\/h3>\n<\/td>\n<td><a href=\"https:\/\/almeriamodelismo.com\/wp-al\/?page_id=1000\"><img loading=\"lazy\" decoding=\"async\" class=\"aligncenter wp-image-2638 size-full\" src=\"https:\/\/almeriamodelismo.com\/wp-al\/wp-content\/uploads\/2013\/03\/icon-tank2.jpg\" alt=\"icon-tank2\" width=\"200\" height=\"133\" srcset=\"https:\/\/almeriamodelismo.com\/wp-al\/wp-content\/uploads\/2013\/03\/icon-tank2.jpg 200w, https:\/\/almeriamodelismo.com\/wp-al\/wp-content\/uploads\/2013\/03\/icon-tank2-150x100.jpg 150w\" sizes=\"auto, (max-width: 200px) 100vw, 200px\" \/><\/a><\/p>\n<h3 style=\"text-align: center;\">Veh. Militares<\/h3>\n<\/td>\n<\/tr>\n<\/tbody>\n<\/table>\n<p>&nbsp;<\/p>\n<p>&nbsp;<\/p>\n","protected":false},"excerpt":{"rendered":"<p>Aqu\u00ed podr\u00e1s seguir nuestros trabajos: &nbsp; Aviaci\u00f3n Escenificaciones Figuras Naval Sci-Fy y Fantas\u00eda Veh. Militares &nbsp; &nbsp;<\/p>\n","protected":false},"author":1,"featured_media":2635,"parent":0,"menu_order":20,"comment_status":"open","ping_status":"open","template":"templates\/template-onecolumn.php","meta":{"jetpack_post_was_ever_published":false,"footnotes":""},"class_list":["post-486","page","type-page","status-publish","has-post-thumbnail","hentry"],"jetpack_shortlink":"https:\/\/wp.me\/P3moJ4-7Q","jetpack_sharing_enabled":true,"jetpack_likes_enabled":true,"_links":{"self":[{"href":"https:\/\/almeriamodelismo.com\/wp-al\/wp-json\/wp\/v2\/pages\/486","targetHints":{"allow":["GET"]}}],"collection":[{"href":"https:\/\/almeriamodelismo.com\/wp-al\/wp-json\/wp\/v2\/pages"}],"about":[{"href":"https:\/\/almeriamodelismo.com\/wp-al\/wp-json\/wp\/v2\/types\/page"}],"author":[{"embeddable":true,"href":"https:\/\/almeriamodelismo.com\/wp-al\/wp-json\/wp\/v2\/users\/1"}],"replies":[{"embeddable":true,"href":"https:\/\/almeriamodelismo.com\/wp-al\/wp-json\/wp\/v2\/comments?post=486"}],"version-history":[{"count":54,"href":"https:\/\/almeriamodelismo.com\/wp-al\/wp-json\/wp\/v2\/pages\/486\/revisions"}],"predecessor-version":[{"id":5722,"href":"https:\/\/almeriamodelismo.com\/wp-al\/wp-json\/wp\/v2\/pages\/486\/revisions\/5722"}],"wp:featuredmedia":[{"embeddable":true,"href":"https:\/\/almeriamodelismo.com\/wp-al\/wp-json\/wp\/v2\/media\/2635"}],"wp:attachment":[{"href":"https:\/\/almeriamodelismo.com\/wp-al\/wp-json\/wp\/v2\/media?parent=486"}],"curies":[{"name":"wp","href":"https:\/\/api.w.org\/{rel}","templated":true}]}}