{"id":3512,"date":"2014-08-23T10:43:37","date_gmt":"2014-08-23T08:43:37","guid":{"rendered":"http:\/\/almeriamodelismo.com\/wp-al\/?page_id=3512"},"modified":"2014-08-23T10:49:38","modified_gmt":"2014-08-23T08:49:38","slug":"tema-05-fotograbados","status":"publish","type":"page","link":"https:\/\/almeriamodelismo.com\/wp-al\/grupos-de-trabajo\/tema-05-fotograbados\/","title":{"rendered":"Tema 05: Fotograbados"},"content":{"rendered":"<p>A\u00f1adir piezas de fotograbado a nuestro kit, se ha convertido casi en una obligaci\u00f3n para obtener un resultado adecuado en nuestras maquetas, de hecho casi todos los kits de reciente lanzamiento aportan una plancha de fotograbado m\u00e1s o menos completa, para suplir aquellas piezas, que con la tecnolog\u00eda de inyecci\u00f3n en pl\u00e1stico es imposible de hacer en este material.<\/p>\n<p>El Fotograbado es imprescindible para imitar rejillas, soportes de herramientas, y en general piezas finas y planas, que en plastico quedar\u00edan inevitablemente gruesas y\/o fuera de escala.<\/p>\n<p>Aunque el T-34, es un proyecto de \u00abcaja\u00bb para clarificar conceptos, si conviene en estos temas incluir la forma b\u00e1sica de trabajar los Fotograbados, para ello se muestra Paso a Paso, la sustitucion de la rejilla del cubremotor del T-34, por otra met\u00e1lica extraida de la magnifica plancha que Hauler dedica al kit de Tamiya.<\/p>\n<p>Lo primero es tener lista la pieza de pl\u00e1stico, limpia de restos del bebedero y rebabas:<\/p>\n<p><a href=\"https:\/\/almeriamodelismo.com\/wp-al\/wp-content\/uploads\/2014\/08\/AM_2014_06_21_002.jpg\"><img loading=\"lazy\" decoding=\"async\" class=\"aligncenter size-full wp-image-3513\" src=\"https:\/\/almeriamodelismo.com\/wp-al\/wp-content\/uploads\/2014\/08\/AM_2014_06_21_002.jpg\" alt=\"AM_2014_06_21_002\" width=\"825\" height=\"550\" srcset=\"https:\/\/almeriamodelismo.com\/wp-al\/wp-content\/uploads\/2014\/08\/AM_2014_06_21_002.jpg 825w, https:\/\/almeriamodelismo.com\/wp-al\/wp-content\/uploads\/2014\/08\/AM_2014_06_21_002-325x217.jpg 325w, https:\/\/almeriamodelismo.com\/wp-al\/wp-content\/uploads\/2014\/08\/AM_2014_06_21_002-768x512.jpg 768w, https:\/\/almeriamodelismo.com\/wp-al\/wp-content\/uploads\/2014\/08\/AM_2014_06_21_002-375x250.jpg 375w, https:\/\/almeriamodelismo.com\/wp-al\/wp-content\/uploads\/2014\/08\/AM_2014_06_21_002-150x100.jpg 150w\" sizes=\"auto, (max-width: 825px) 100vw, 825px\" \/><\/a>El siguiente paso es abrir el hueco donde se ubica la rejilla sin estropear el resto de la pieza, para no cortar por zonas no deseadas, se realizan unos taladros, que servir\u00e1n de gu\u00eda, el primer paso es marcar con un punz\u00f3n, el lugar exacto donde se realizar\u00e1 el taladro:<\/p>\n<p><a href=\"https:\/\/almeriamodelismo.com\/wp-al\/wp-content\/uploads\/2014\/08\/AM_2014_06_21_004.jpg\"><img loading=\"lazy\" decoding=\"async\" class=\"aligncenter size-full wp-image-3514\" src=\"https:\/\/almeriamodelismo.com\/wp-al\/wp-content\/uploads\/2014\/08\/AM_2014_06_21_004.jpg\" alt=\"AM_2014_06_21_004\" width=\"825\" height=\"550\" srcset=\"https:\/\/almeriamodelismo.com\/wp-al\/wp-content\/uploads\/2014\/08\/AM_2014_06_21_004.jpg 825w, https:\/\/almeriamodelismo.com\/wp-al\/wp-content\/uploads\/2014\/08\/AM_2014_06_21_004-325x217.jpg 325w, https:\/\/almeriamodelismo.com\/wp-al\/wp-content\/uploads\/2014\/08\/AM_2014_06_21_004-768x512.jpg 768w, https:\/\/almeriamodelismo.com\/wp-al\/wp-content\/uploads\/2014\/08\/AM_2014_06_21_004-375x250.jpg 375w, https:\/\/almeriamodelismo.com\/wp-al\/wp-content\/uploads\/2014\/08\/AM_2014_06_21_004-150x100.jpg 150w\" sizes=\"auto, (max-width: 825px) 100vw, 825px\" \/><\/a>Seguidamente se realizan los taladros:<\/p>\n<p><a href=\"https:\/\/almeriamodelismo.com\/wp-al\/wp-content\/uploads\/2014\/08\/AM_2014_06_21_006.jpg\"><img loading=\"lazy\" decoding=\"async\" class=\"aligncenter size-full wp-image-3515\" src=\"https:\/\/almeriamodelismo.com\/wp-al\/wp-content\/uploads\/2014\/08\/AM_2014_06_21_006.jpg\" alt=\"AM_2014_06_21_006\" width=\"825\" height=\"550\" srcset=\"https:\/\/almeriamodelismo.com\/wp-al\/wp-content\/uploads\/2014\/08\/AM_2014_06_21_006.jpg 825w, https:\/\/almeriamodelismo.com\/wp-al\/wp-content\/uploads\/2014\/08\/AM_2014_06_21_006-325x217.jpg 325w, https:\/\/almeriamodelismo.com\/wp-al\/wp-content\/uploads\/2014\/08\/AM_2014_06_21_006-768x512.jpg 768w, https:\/\/almeriamodelismo.com\/wp-al\/wp-content\/uploads\/2014\/08\/AM_2014_06_21_006-375x250.jpg 375w, https:\/\/almeriamodelismo.com\/wp-al\/wp-content\/uploads\/2014\/08\/AM_2014_06_21_006-150x100.jpg 150w\" sizes=\"auto, (max-width: 825px) 100vw, 825px\" \/><\/a>Con mucho cuidado, y realizando los cortes en sucesivas pasadas se va cortando la rejilla, ojo, para que salga bien, hay que hacerlo despacio y sin presionar en exceso:<\/p>\n<p><a href=\"https:\/\/almeriamodelismo.com\/wp-al\/wp-content\/uploads\/2014\/08\/AM_2014_06_21_008.jpg\"><img loading=\"lazy\" decoding=\"async\" class=\"aligncenter size-full wp-image-3516\" src=\"https:\/\/almeriamodelismo.com\/wp-al\/wp-content\/uploads\/2014\/08\/AM_2014_06_21_008.jpg\" alt=\"AM_2014_06_21_008\" width=\"825\" height=\"550\" srcset=\"https:\/\/almeriamodelismo.com\/wp-al\/wp-content\/uploads\/2014\/08\/AM_2014_06_21_008.jpg 825w, https:\/\/almeriamodelismo.com\/wp-al\/wp-content\/uploads\/2014\/08\/AM_2014_06_21_008-325x217.jpg 325w, https:\/\/almeriamodelismo.com\/wp-al\/wp-content\/uploads\/2014\/08\/AM_2014_06_21_008-768x512.jpg 768w, https:\/\/almeriamodelismo.com\/wp-al\/wp-content\/uploads\/2014\/08\/AM_2014_06_21_008-375x250.jpg 375w, https:\/\/almeriamodelismo.com\/wp-al\/wp-content\/uploads\/2014\/08\/AM_2014_06_21_008-150x100.jpg 150w\" sizes=\"auto, (max-width: 825px) 100vw, 825px\" \/><\/a>Una vez retiraza la pieza, se iguala en corte con una lima plana:<\/p>\n<p><a href=\"https:\/\/almeriamodelismo.com\/wp-al\/wp-content\/uploads\/2014\/08\/AM_2014_06_21_010.jpg\"><img loading=\"lazy\" decoding=\"async\" class=\"aligncenter size-full wp-image-3517\" src=\"https:\/\/almeriamodelismo.com\/wp-al\/wp-content\/uploads\/2014\/08\/AM_2014_06_21_010.jpg\" alt=\"AM_2014_06_21_010\" width=\"825\" height=\"550\" srcset=\"https:\/\/almeriamodelismo.com\/wp-al\/wp-content\/uploads\/2014\/08\/AM_2014_06_21_010.jpg 825w, https:\/\/almeriamodelismo.com\/wp-al\/wp-content\/uploads\/2014\/08\/AM_2014_06_21_010-325x217.jpg 325w, https:\/\/almeriamodelismo.com\/wp-al\/wp-content\/uploads\/2014\/08\/AM_2014_06_21_010-768x512.jpg 768w, https:\/\/almeriamodelismo.com\/wp-al\/wp-content\/uploads\/2014\/08\/AM_2014_06_21_010-375x250.jpg 375w, https:\/\/almeriamodelismo.com\/wp-al\/wp-content\/uploads\/2014\/08\/AM_2014_06_21_010-150x100.jpg 150w\" sizes=\"auto, (max-width: 825px) 100vw, 825px\" \/><\/a>Siguiendo con la lima y la lija, se borra el detalle del marco superior, para ubicar correctamente la rejilla de fotograbado:<\/p>\n<p><img loading=\"lazy\" decoding=\"async\" class=\"aligncenter size-full wp-image-3518\" src=\"https:\/\/almeriamodelismo.com\/wp-al\/wp-content\/uploads\/2014\/08\/AM_2014_06_21_012.jpg\" alt=\"AM_2014_06_21_012\" width=\"825\" height=\"550\" srcset=\"https:\/\/almeriamodelismo.com\/wp-al\/wp-content\/uploads\/2014\/08\/AM_2014_06_21_012.jpg 825w, https:\/\/almeriamodelismo.com\/wp-al\/wp-content\/uploads\/2014\/08\/AM_2014_06_21_012-325x217.jpg 325w, https:\/\/almeriamodelismo.com\/wp-al\/wp-content\/uploads\/2014\/08\/AM_2014_06_21_012-768x512.jpg 768w, https:\/\/almeriamodelismo.com\/wp-al\/wp-content\/uploads\/2014\/08\/AM_2014_06_21_012-375x250.jpg 375w, https:\/\/almeriamodelismo.com\/wp-al\/wp-content\/uploads\/2014\/08\/AM_2014_06_21_012-150x100.jpg 150w\" sizes=\"auto, (max-width: 825px) 100vw, 825px\" \/><\/p>\n<p>Para separar las fragiles piezas de Fotograbado, se cortan con mucho cuidado con unas tijeras de manicura, dejando siempre margen de corte, para posteriormente y una vez separada la pieza de la plancha cortar ya a ras, y sin dejar rastro:<\/p>\n<p><a href=\"https:\/\/almeriamodelismo.com\/wp-al\/wp-content\/uploads\/2014\/08\/AM_2014_06_21_017.jpg\"><img loading=\"lazy\" decoding=\"async\" class=\"aligncenter size-full wp-image-3519\" src=\"https:\/\/almeriamodelismo.com\/wp-al\/wp-content\/uploads\/2014\/08\/AM_2014_06_21_017.jpg\" alt=\"AM_2014_06_21_017\" width=\"825\" height=\"550\" srcset=\"https:\/\/almeriamodelismo.com\/wp-al\/wp-content\/uploads\/2014\/08\/AM_2014_06_21_017.jpg 825w, https:\/\/almeriamodelismo.com\/wp-al\/wp-content\/uploads\/2014\/08\/AM_2014_06_21_017-325x217.jpg 325w, https:\/\/almeriamodelismo.com\/wp-al\/wp-content\/uploads\/2014\/08\/AM_2014_06_21_017-768x512.jpg 768w, https:\/\/almeriamodelismo.com\/wp-al\/wp-content\/uploads\/2014\/08\/AM_2014_06_21_017-375x250.jpg 375w, https:\/\/almeriamodelismo.com\/wp-al\/wp-content\/uploads\/2014\/08\/AM_2014_06_21_017-150x100.jpg 150w\" sizes=\"auto, (max-width: 825px) 100vw, 825px\" \/><\/a>Para que la adherencia sea buena sobre el pl\u00e1stico, es conveniente lijar muy suavemente la pieza de fotograbado por la cara donde se depositar\u00e1 el pegamento:<\/p>\n<p><a href=\"https:\/\/almeriamodelismo.com\/wp-al\/wp-content\/uploads\/2014\/08\/AM_2014_06_21_019.jpg\"><img loading=\"lazy\" decoding=\"async\" class=\"aligncenter size-full wp-image-3520\" src=\"https:\/\/almeriamodelismo.com\/wp-al\/wp-content\/uploads\/2014\/08\/AM_2014_06_21_019.jpg\" alt=\"AM_2014_06_21_019\" width=\"825\" height=\"550\" srcset=\"https:\/\/almeriamodelismo.com\/wp-al\/wp-content\/uploads\/2014\/08\/AM_2014_06_21_019.jpg 825w, https:\/\/almeriamodelismo.com\/wp-al\/wp-content\/uploads\/2014\/08\/AM_2014_06_21_019-325x217.jpg 325w, https:\/\/almeriamodelismo.com\/wp-al\/wp-content\/uploads\/2014\/08\/AM_2014_06_21_019-768x512.jpg 768w, https:\/\/almeriamodelismo.com\/wp-al\/wp-content\/uploads\/2014\/08\/AM_2014_06_21_019-375x250.jpg 375w, https:\/\/almeriamodelismo.com\/wp-al\/wp-content\/uploads\/2014\/08\/AM_2014_06_21_019-150x100.jpg 150w\" sizes=\"auto, (max-width: 825px) 100vw, 825px\" \/><\/a>Las piezas peque\u00f1as, se preparan mejor antes de separarlas de la plancha:<\/p>\n<p><a href=\"https:\/\/almeriamodelismo.com\/wp-al\/wp-content\/uploads\/2014\/08\/AM_2014_06_21_023.jpg\"><img loading=\"lazy\" decoding=\"async\" class=\"aligncenter size-full wp-image-3521\" src=\"https:\/\/almeriamodelismo.com\/wp-al\/wp-content\/uploads\/2014\/08\/AM_2014_06_21_023.jpg\" alt=\"AM_2014_06_21_023\" width=\"825\" height=\"550\" srcset=\"https:\/\/almeriamodelismo.com\/wp-al\/wp-content\/uploads\/2014\/08\/AM_2014_06_21_023.jpg 825w, https:\/\/almeriamodelismo.com\/wp-al\/wp-content\/uploads\/2014\/08\/AM_2014_06_21_023-325x217.jpg 325w, https:\/\/almeriamodelismo.com\/wp-al\/wp-content\/uploads\/2014\/08\/AM_2014_06_21_023-768x512.jpg 768w, https:\/\/almeriamodelismo.com\/wp-al\/wp-content\/uploads\/2014\/08\/AM_2014_06_21_023-375x250.jpg 375w, https:\/\/almeriamodelismo.com\/wp-al\/wp-content\/uploads\/2014\/08\/AM_2014_06_21_023-150x100.jpg 150w\" sizes=\"auto, (max-width: 825px) 100vw, 825px\" \/><\/a>Para pegar la rejilla en su lugar exacto y que quede perfectamente centrada en ambos ejes, lo mas adecuado es delimitar su posici\u00f3n exacta con cinta adhesiva de Tamiya, un par de peque\u00f1os \u00abpuntos\u00bb de ciano, ayudaran a fijarla:<\/p>\n<p><a href=\"https:\/\/almeriamodelismo.com\/wp-al\/wp-content\/uploads\/2014\/08\/AM_2014_06_21_025.jpg\"><img loading=\"lazy\" decoding=\"async\" class=\"aligncenter size-full wp-image-3522\" src=\"https:\/\/almeriamodelismo.com\/wp-al\/wp-content\/uploads\/2014\/08\/AM_2014_06_21_025.jpg\" alt=\"AM_2014_06_21_025\" width=\"825\" height=\"550\" srcset=\"https:\/\/almeriamodelismo.com\/wp-al\/wp-content\/uploads\/2014\/08\/AM_2014_06_21_025.jpg 825w, https:\/\/almeriamodelismo.com\/wp-al\/wp-content\/uploads\/2014\/08\/AM_2014_06_21_025-325x217.jpg 325w, https:\/\/almeriamodelismo.com\/wp-al\/wp-content\/uploads\/2014\/08\/AM_2014_06_21_025-768x512.jpg 768w, https:\/\/almeriamodelismo.com\/wp-al\/wp-content\/uploads\/2014\/08\/AM_2014_06_21_025-375x250.jpg 375w, https:\/\/almeriamodelismo.com\/wp-al\/wp-content\/uploads\/2014\/08\/AM_2014_06_21_025-150x100.jpg 150w\" sizes=\"auto, (max-width: 825px) 100vw, 825px\" \/><\/a>Para darle la necesaria fuerza a la union, se refuerza por dentro, depositando peque\u00f1as cantidades de pegamento de contacto con un trozo de pl\u00e1stico estirado al calor:<\/p>\n<p><a href=\"https:\/\/almeriamodelismo.com\/wp-al\/wp-content\/uploads\/2014\/08\/AM_2014_06_21_026.jpg\"><img loading=\"lazy\" decoding=\"async\" class=\"aligncenter size-full wp-image-3523\" src=\"https:\/\/almeriamodelismo.com\/wp-al\/wp-content\/uploads\/2014\/08\/AM_2014_06_21_026.jpg\" alt=\"AM_2014_06_21_026\" width=\"825\" height=\"550\" srcset=\"https:\/\/almeriamodelismo.com\/wp-al\/wp-content\/uploads\/2014\/08\/AM_2014_06_21_026.jpg 825w, https:\/\/almeriamodelismo.com\/wp-al\/wp-content\/uploads\/2014\/08\/AM_2014_06_21_026-325x217.jpg 325w, https:\/\/almeriamodelismo.com\/wp-al\/wp-content\/uploads\/2014\/08\/AM_2014_06_21_026-768x512.jpg 768w, https:\/\/almeriamodelismo.com\/wp-al\/wp-content\/uploads\/2014\/08\/AM_2014_06_21_026-375x250.jpg 375w, https:\/\/almeriamodelismo.com\/wp-al\/wp-content\/uploads\/2014\/08\/AM_2014_06_21_026-150x100.jpg 150w\" sizes=\"auto, (max-width: 825px) 100vw, 825px\" \/><\/a>Las piezas mas peque\u00f1as, se comienzan pegando por un extremo, una vez seco el cianocrilato, se curva pegando el otro extremo, hasta dejar perfectamente adherida la pieza:<\/p>\n<p><a href=\"https:\/\/almeriamodelismo.com\/wp-al\/wp-content\/uploads\/2014\/08\/AM_2014_06_21_032.jpg\"><img loading=\"lazy\" decoding=\"async\" class=\"aligncenter size-full wp-image-3524\" src=\"https:\/\/almeriamodelismo.com\/wp-al\/wp-content\/uploads\/2014\/08\/AM_2014_06_21_032.jpg\" alt=\"AM_2014_06_21_032\" width=\"825\" height=\"550\" srcset=\"https:\/\/almeriamodelismo.com\/wp-al\/wp-content\/uploads\/2014\/08\/AM_2014_06_21_032.jpg 825w, https:\/\/almeriamodelismo.com\/wp-al\/wp-content\/uploads\/2014\/08\/AM_2014_06_21_032-325x217.jpg 325w, https:\/\/almeriamodelismo.com\/wp-al\/wp-content\/uploads\/2014\/08\/AM_2014_06_21_032-768x512.jpg 768w, https:\/\/almeriamodelismo.com\/wp-al\/wp-content\/uploads\/2014\/08\/AM_2014_06_21_032-375x250.jpg 375w, https:\/\/almeriamodelismo.com\/wp-al\/wp-content\/uploads\/2014\/08\/AM_2014_06_21_032-150x100.jpg 150w\" sizes=\"auto, (max-width: 825px) 100vw, 825px\" \/><\/a>\u00a1Listo!, ya est\u00e1 la rejilla en su lugar, n\u00f3tese la diferencia entre la pieza original y la afinada con el fotograbado:<\/p>\n<p><a href=\"https:\/\/almeriamodelismo.com\/wp-al\/wp-content\/uploads\/2014\/08\/AM_2014_06_21_034.jpg\"><img loading=\"lazy\" decoding=\"async\" class=\"aligncenter size-full wp-image-3525\" src=\"https:\/\/almeriamodelismo.com\/wp-al\/wp-content\/uploads\/2014\/08\/AM_2014_06_21_034.jpg\" alt=\"AM_2014_06_21_034\" width=\"825\" height=\"550\" srcset=\"https:\/\/almeriamodelismo.com\/wp-al\/wp-content\/uploads\/2014\/08\/AM_2014_06_21_034.jpg 825w, https:\/\/almeriamodelismo.com\/wp-al\/wp-content\/uploads\/2014\/08\/AM_2014_06_21_034-325x217.jpg 325w, https:\/\/almeriamodelismo.com\/wp-al\/wp-content\/uploads\/2014\/08\/AM_2014_06_21_034-768x512.jpg 768w, https:\/\/almeriamodelismo.com\/wp-al\/wp-content\/uploads\/2014\/08\/AM_2014_06_21_034-450x300.jpg 450w, https:\/\/almeriamodelismo.com\/wp-al\/wp-content\/uploads\/2014\/08\/AM_2014_06_21_034-150x100.jpg 150w, https:\/\/almeriamodelismo.com\/wp-al\/wp-content\/uploads\/2014\/08\/AM_2014_06_21_034-425x283.jpg 425w, https:\/\/almeriamodelismo.com\/wp-al\/wp-content\/uploads\/2014\/08\/AM_2014_06_21_034-400x267.jpg 400w, https:\/\/almeriamodelismo.com\/wp-al\/wp-content\/uploads\/2014\/08\/AM_2014_06_21_034-375x250.jpg 375w\" sizes=\"auto, (max-width: 825px) 100vw, 825px\" \/><\/a><a href=\"https:\/\/almeriamodelismo.com\/wp-al\/wp-content\/uploads\/2014\/08\/AM_2014_06_21_002.jpg\"><img loading=\"lazy\" decoding=\"async\" class=\"aligncenter size-full wp-image-3513\" src=\"https:\/\/almeriamodelismo.com\/wp-al\/wp-content\/uploads\/2014\/08\/AM_2014_06_21_002.jpg\" alt=\"AM_2014_06_21_002\" width=\"825\" height=\"550\" srcset=\"https:\/\/almeriamodelismo.com\/wp-al\/wp-content\/uploads\/2014\/08\/AM_2014_06_21_002.jpg 825w, https:\/\/almeriamodelismo.com\/wp-al\/wp-content\/uploads\/2014\/08\/AM_2014_06_21_002-325x217.jpg 325w, https:\/\/almeriamodelismo.com\/wp-al\/wp-content\/uploads\/2014\/08\/AM_2014_06_21_002-768x512.jpg 768w, https:\/\/almeriamodelismo.com\/wp-al\/wp-content\/uploads\/2014\/08\/AM_2014_06_21_002-375x250.jpg 375w, https:\/\/almeriamodelismo.com\/wp-al\/wp-content\/uploads\/2014\/08\/AM_2014_06_21_002-150x100.jpg 150w\" sizes=\"auto, (max-width: 825px) 100vw, 825px\" \/><\/a><\/p>\n","protected":false},"excerpt":{"rendered":"<p>A\u00f1adir piezas de fotograbado a nuestro kit, se ha convertido casi en una obligaci\u00f3n para obtener un resultado adecuado en&hellip; <\/p>\n","protected":false},"author":1,"featured_media":3525,"parent":2493,"menu_order":0,"comment_status":"open","ping_status":"open","template":"","meta":{"footnotes":""},"class_list":["post-3512","page","type-page","status-publish","has-post-thumbnail","hentry"],"jetpack_shortlink":"https:\/\/wp.me\/P3moJ4-UE","jetpack_sharing_enabled":true,"jetpack_likes_enabled":true,"_links":{"self":[{"href":"https:\/\/almeriamodelismo.com\/wp-al\/wp-json\/wp\/v2\/pages\/3512","targetHints":{"allow":["GET"]}}],"collection":[{"href":"https:\/\/almeriamodelismo.com\/wp-al\/wp-json\/wp\/v2\/pages"}],"about":[{"href":"https:\/\/almeriamodelismo.com\/wp-al\/wp-json\/wp\/v2\/types\/page"}],"author":[{"embeddable":true,"href":"https:\/\/almeriamodelismo.com\/wp-al\/wp-json\/wp\/v2\/users\/1"}],"replies":[{"embeddable":true,"href":"https:\/\/almeriamodelismo.com\/wp-al\/wp-json\/wp\/v2\/comments?post=3512"}],"version-history":[{"count":5,"href":"https:\/\/almeriamodelismo.com\/wp-al\/wp-json\/wp\/v2\/pages\/3512\/revisions"}],"predecessor-version":[{"id":3530,"href":"https:\/\/almeriamodelismo.com\/wp-al\/wp-json\/wp\/v2\/pages\/3512\/revisions\/3530"}],"up":[{"embeddable":true,"href":"https:\/\/almeriamodelismo.com\/wp-al\/wp-json\/wp\/v2\/pages\/2493"}],"wp:featuredmedia":[{"embeddable":true,"href":"https:\/\/almeriamodelismo.com\/wp-al\/wp-json\/wp\/v2\/media\/3525"}],"wp:attachment":[{"href":"https:\/\/almeriamodelismo.com\/wp-al\/wp-json\/wp\/v2\/media?parent=3512"}],"curies":[{"name":"wp","href":"https:\/\/api.w.org\/{rel}","templated":true}]}}