{"id":3499,"date":"2014-07-30T10:47:59","date_gmt":"2014-07-30T08:47:59","guid":{"rendered":"http:\/\/almeriamodelismo.com\/wp-al\/?page_id=3499"},"modified":"2015-01-22T17:51:40","modified_gmt":"2015-01-22T16:51:40","slug":"preinscripcion-clinic-2015","status":"publish","type":"page","link":"https:\/\/almeriamodelismo.com\/wp-al\/clinic-modelista-2015\/preinscripcion-clinic-2015\/","title":{"rendered":"Preinscripci\u00f3n Clinic Modelista 2015"},"content":{"rendered":"<p>Ya puedes realizar la Preinscripci\u00f3n para el Clinic Modelista 2015, esta preinscripci\u00f3n no te obliga a nada, simplemente servir\u00e1 para ayudar a la organizaci\u00f3n a que todo salga de la mejor forma posible.<\/p>\n<p>El periodo de Pre-Inscripci\u00f3n ya ha terminado, puedes hacer ya directamente la <strong><a href=\"https:\/\/almeriamodelismo.com\/wp-al\/clinic-modelista-2015\/inscripcion-clinic-modelista-2015\/\" target=\"_blank\">INSCRIPCION DEFINITIVA<\/a>.<\/strong><\/p>\n<p><span style=\"color: #ff0000;\">*<\/span> Campos Obligatorios<\/p>\n<address>Para cualquier aclaraci\u00f3n, puedes enviarnos un Email a <a href=\"mailto:clinic@almeriamodelismo.com\">clinic@almeriamodelismo.com<\/a><\/address>\n<address>\n<hr \/>\n<\/address>\n<address>\u00a0<\/address>\n<address>\n<table>\n<tbody>\n<tr>\n<td><span style=\"font-size: x-small;\"><strong>Por favor lea la pol\u00edtica de privacidad y complete este formulario:<\/strong><\/span><span style=\"font-size: x-small;\"><strong><strong>Pol\u00edtica de Protecci\u00f3n de Datos\u00a0<\/strong><\/strong><\/span><span style=\"font-size: x-small;\">En cumplimiento de la Ley Org\u00e1nica 15\/1999, de 13 de diciembre, de Protecci\u00f3n de Datos de Car\u00e1cter Personal y su normativa de desarrollo, se le informa que los datos personales facilitados por usted ser\u00e1n incorporados a un fichero automatizado de almeriamodelismo.com cuyo responsable y titular es Asociacion Club Almer\u00eda Modelismo, en adelante almeriamodelismo.com con la finalidad de facilitarle la informaci\u00f3n solicitada acerca de nuestras actividades.<\/span><span style=\"font-size: x-small;\">A trav\u00e9s de la cumplimentaci\u00f3n de formularios de la Web o mediante el env\u00edo de correos electr\u00f3nicos o cualquier otro tipo de solicitud de informaci\u00f3n remitida a almeriamodelismo.com, el interesado presta su consentimiento expreso al tratamiento de sus datos personales para recibir comunicaciones sobre actividades de almer\u00edamodelismo.com. <\/span><span style=\"font-size: x-small;\">En ning\u00fan caso almer\u00edamodelismo.com, utilizar\u00e1 los datos personales de los interesados para fines distintos de los anteriormente mencionados, y se compromete a guardar el debido secreto profesional y a establecer las medidas t\u00e9cnicas y organizativas necesarias para salvaguardar la informaci\u00f3n conforme a los requerimientos que establece el RD 1720\/2007, de desarrollo de la LOPD.<\/span><span style=\"font-size: x-small;\">Puede ejercer los derechos de acceso, rectificaci\u00f3n, cancelaci\u00f3n y oposici\u00f3n en cualquier momento, mediante escrito, acompa\u00f1ado de copia de documento oficial que le identifique, dirigido a:<\/span><br \/>\n<span style=\"font-size: x-small;\"> <strong>Almeriamodelismo.com<\/strong><\/span><br \/>\n<span style=\"font-size: x-small;\">Apartado de Correos n\u00ba 3045<\/span><br \/>\n<span style=\"font-size: x-small;\"><strong>04080 ALMER\u00cdA<\/strong><\/span><\/td>\n<\/tr>\n<\/tbody>\n<\/table>\n<\/address>\n","protected":false},"excerpt":{"rendered":"<p>Ya puedes realizar la Preinscripci\u00f3n para el Clinic Modelista 2015, esta preinscripci\u00f3n no te obliga a nada, simplemente servir\u00e1 para&hellip; <\/p>\n","protected":false},"author":1,"featured_media":0,"parent":3451,"menu_order":0,"comment_status":"open","ping_status":"open","template":"templates\/template-onecolumn.php","meta":{"jetpack_post_was_ever_published":false,"footnotes":""},"class_list":["post-3499","page","type-page","status-publish","hentry"],"jetpack_shortlink":"https:\/\/wp.me\/P3moJ4-Ur","jetpack_sharing_enabled":true,"jetpack_likes_enabled":true,"_links":{"self":[{"href":"https:\/\/almeriamodelismo.com\/wp-al\/wp-json\/wp\/v2\/pages\/3499","targetHints":{"allow":["GET"]}}],"collection":[{"href":"https:\/\/almeriamodelismo.com\/wp-al\/wp-json\/wp\/v2\/pages"}],"about":[{"href":"https:\/\/almeriamodelismo.com\/wp-al\/wp-json\/wp\/v2\/types\/page"}],"author":[{"embeddable":true,"href":"https:\/\/almeriamodelismo.com\/wp-al\/wp-json\/wp\/v2\/users\/1"}],"replies":[{"embeddable":true,"href":"https:\/\/almeriamodelismo.com\/wp-al\/wp-json\/wp\/v2\/comments?post=3499"}],"version-history":[{"count":11,"href":"https:\/\/almeriamodelismo.com\/wp-al\/wp-json\/wp\/v2\/pages\/3499\/revisions"}],"predecessor-version":[{"id":4586,"href":"https:\/\/almeriamodelismo.com\/wp-al\/wp-json\/wp\/v2\/pages\/3499\/revisions\/4586"}],"up":[{"embeddable":true,"href":"https:\/\/almeriamodelismo.com\/wp-al\/wp-json\/wp\/v2\/pages\/3451"}],"wp:attachment":[{"href":"https:\/\/almeriamodelismo.com\/wp-al\/wp-json\/wp\/v2\/media?parent=3499"}],"curies":[{"name":"wp","href":"https:\/\/api.w.org\/{rel}","templated":true}]}}