{"id":3451,"date":"2014-07-25T08:15:04","date_gmt":"2014-07-25T06:15:04","guid":{"rendered":"http:\/\/almeriamodelismo.com\/wp-al\/?page_id=3451"},"modified":"2015-02-22T09:41:38","modified_gmt":"2015-02-22T08:41:38","slug":"clinic-modelista-2015","status":"publish","type":"page","link":"https:\/\/almeriamodelismo.com\/wp-al\/clinic-modelista-2015\/","title":{"rendered":"Clinic Modelista 2015"},"content":{"rendered":"<table>\n<tbody>\n<tr>\n<td style=\"text-align: center;\"><\/td>\n<td style=\"text-align: center;\"><\/td>\n<td style=\"text-align: center;\"><\/td>\n<td style=\"text-align: center;\"><\/td>\n<td style=\"text-align: center;\"><a href=\"https:\/\/almeriamodelismo.com\/wp-al\/clinic-modelista-2015\/clinic-modelista-2015-english\/\"><img loading=\"lazy\" decoding=\"async\" class=\"aligncenter wp-image-4023\" src=\"https:\/\/almeriamodelismo.com\/wp-al\/wp-content\/uploads\/2014\/07\/flag_american_english-300x209.png\" alt=\"flag_american_english\" width=\"60\" height=\"42\" \/><\/a><\/td>\n<\/tr>\n<tr>\n<td style=\"text-align: center;\">\n<h4><a href=\"https:\/\/www.facebook.com\/pages\/Clinic-Modelista-Almer%C3%ADa-2015\/842918049076413?fref=ts\" target=\"_blank\">P\u00e1gina de Facebook<\/a><\/h4>\n<\/td>\n<td style=\"text-align: center;\">\n<h4><a title=\"Inscripcion Clinic Modelista 2015\" href=\"https:\/\/almeriamodelismo.com\/wp-al\/clinic-modelista-2015\/inscripcion-clinic-modelista-2015\/\">INSCRIPCI\u00d3N <\/a><\/h4>\n<\/td>\n<td style=\"text-align: center;\">\n<h4><a href=\"https:\/\/almeriamodelismo.com\/wp-al\/clinic-modelista-2015\/relacion-de-monitores\/\">Relacion de Monitores<\/a><\/h4>\n<\/td>\n<td style=\"text-align: center;\">\n<h4><a href=\"http:\/\/www.nh-hoteles.es\/events\/es\/detalle-evento\/21531\/clinic_modelista_almeria.html\" target=\"_blank\">Reserva Hotel <\/a><\/h4>\n<\/td>\n<td style=\"text-align: center;\">\n<h4><a title=\"Colaboradores Clinic 2015\" href=\"https:\/\/almeriamodelismo.com\/wp-al\/clinic-modelista-2015\/colaboradores-clinic-2015\/\">Colaboradores <\/a><\/h4>\n<\/td>\n<\/tr>\n<tr>\n<td style=\"text-align: center;\">\n<h4><a href=\"https:\/\/almeriamodelismo.com\/wp-al\/clinic-modelista-2015-el-ambiente\/\">El Ambiente<\/a><\/h4>\n<\/td>\n<td style=\"text-align: center;\">\n<h4><a href=\"https:\/\/almeriamodelismo.com\/wp-al\/clinic-modelista-2015-talleres\/\">Galer\u00eda Taller<\/a><\/h4>\n<\/td>\n<td style=\"text-align: center;\">\n<h4><a href=\"https:\/\/almeriamodelismo.com\/wp-al\/clinic-modelista-2015-galeria-exposicion\/\">Galer\u00eda Exposici\u00f3n<\/a><\/h4>\n<\/td>\n<td style=\"text-align: center;\"><\/td>\n<td style=\"text-align: center;\"><\/td>\n<\/tr>\n<\/tbody>\n<\/table>\n<h4><a href=\"https:\/\/almeriamodelismo.com\/wp-al\/wp-content\/uploads\/2014\/07\/Poster_Clinic-15.jpg\"><img loading=\"lazy\" decoding=\"async\" class=\"aligncenter wp-image-4314\" src=\"https:\/\/almeriamodelismo.com\/wp-al\/wp-content\/uploads\/2014\/07\/Poster_Clinic-15.jpg\" alt=\"Anuncio Eurimodelismo.indd\" width=\"365\" height=\"500\" srcset=\"https:\/\/almeriamodelismo.com\/wp-al\/wp-content\/uploads\/2014\/07\/Poster_Clinic-15.jpg 603w, https:\/\/almeriamodelismo.com\/wp-al\/wp-content\/uploads\/2014\/07\/Poster_Clinic-15-238x325.jpg 238w, https:\/\/almeriamodelismo.com\/wp-al\/wp-content\/uploads\/2014\/07\/Poster_Clinic-15-183x250.jpg 183w, https:\/\/almeriamodelismo.com\/wp-al\/wp-content\/uploads\/2014\/07\/Poster_Clinic-15-110x150.jpg 110w\" sizes=\"auto, (max-width: 365px) 100vw, 365px\" \/><\/a><\/h4>\n<hr \/>\n<p style=\"text-align: center;\">Para cualquier consulta:<\/p>\n<h3 style=\"text-align: center;\"><a href=\"mailto:info@almeriamodelismo.com\">info@almeriamodelismo.com<\/a><\/h3>\n<hr \/>\n<h2>\u00bfQu\u00e9 es un Clinic?<\/h2>\n<p>Un Clinic es un evento de corta duraci\u00f3n, (uno o dos d\u00edas) cuyo objetivo es perfeccionar el nivel de una actividad o disciplina en concreto.<\/p>\n<h2>\u00bfQu\u00e9 es el Clinic Modelista?<\/h2>\n<p>Sencillamente, se trata de una reuni\u00f3n de modelistas para hacer maquetas, con una particularidad, habr\u00e1 otros <a title=\"Modelistas\" href=\"https:\/\/almeriamodelismo.com\/wp-al\/clinic-modelista-2015\/relacion-de-monitores\/\" target=\"_blank\">Modelistas<\/a> de reconocida trayectoria, que estar\u00e1n en el Clinic, dispuestos a ense\u00f1ar, mostrar su forma de trabajar, solventar dudas, explicar t\u00e9cnicas, etc.<\/p>\n<p>Cada participante podr\u00e1 llevar el material y maquetas que desee, trabajar en ellas, exponer sus obras, ver c\u00f3mo trabajan otros, mostrar su m\u00e9todo de trabajo, t\u00e9cnicas etc., etc.<\/p>\n<h2>\u00bfC\u00f3mo se Organizar\u00e1?<\/h2>\n<p>Los grupos se organizar\u00e1n por mesas, agrupadas por categor\u00edas:<\/p>\n<ul>\n<li>Aviaci\u00f3n<\/li>\n<li>Figuras<\/li>\n<li>Escenas<\/li>\n<li>Veh\u00edculos Militares<\/li>\n<li>SciFy y Fantas\u00eda<\/li>\n<\/ul>\n<p>Dentro de cada Categor\u00eda y en funci\u00f3n de la participaci\u00f3n, se organizar\u00e1n las mesas con sus respectivos <a href=\"https:\/\/almeriamodelismo.com\/wp-al\/clinic-modelista-2015\/relacion-de-monitores\/\" target=\"_blank\">Monitores<\/a>, que se ir\u00e1n definiendo en funci\u00f3n de la asistencia.<\/p>\n<p>Por parte de la organizaci\u00f3n y en funci\u00f3n de la asistencia, se dotar\u00e1n de los suficientes monitores, todos de reconocido renombre y prestigio en el Hobby.<\/p>\n<h2>\u00bfD\u00f3nde se desarrollar\u00e1?<\/h2>\n<p>El Clinic se llevar\u00e1 a cabo en los Salones del <a href=\"http:\/\/www.nh-hoteles.es\/nh\/es\/hoteles\/espana\/almeria\/nh-ciudad-de-almeria.html\">Hotel NH Almer\u00eda<\/a>.<\/p>\n<p><a href=\"https:\/\/almeriamodelismo.com\/wp-al\/wp-content\/uploads\/2014\/07\/Salon_nh-almeria.jpg\"><img loading=\"lazy\" decoding=\"async\" class=\"aligncenter size-full wp-image-4447\" src=\"https:\/\/almeriamodelismo.com\/wp-al\/wp-content\/uploads\/2014\/07\/Salon_nh-almeria.jpg\" alt=\"Salon_nh-almeria\" width=\"870\" height=\"350\" srcset=\"https:\/\/almeriamodelismo.com\/wp-al\/wp-content\/uploads\/2014\/07\/Salon_nh-almeria.jpg 870w, https:\/\/almeriamodelismo.com\/wp-al\/wp-content\/uploads\/2014\/07\/Salon_nh-almeria-325x131.jpg 325w, https:\/\/almeriamodelismo.com\/wp-al\/wp-content\/uploads\/2014\/07\/Salon_nh-almeria-768x309.jpg 768w, https:\/\/almeriamodelismo.com\/wp-al\/wp-content\/uploads\/2014\/07\/Salon_nh-almeria-375x151.jpg 375w, https:\/\/almeriamodelismo.com\/wp-al\/wp-content\/uploads\/2014\/07\/Salon_nh-almeria-150x60.jpg 150w\" sizes=\"auto, (max-width: 870px) 100vw, 870px\" \/><\/a>Para los Asistentes se concertar\u00e1 el <strong><a href=\"http:\/\/www.nh-hoteles.es\/events\/es\/detalle-evento\/21531\/clinic_modelista_almeria.html\" target=\"_blank\">ALOJAMIENTO<\/a><\/strong> a un precio especial para el fin de semana del evento.<\/p>\n<h2>\u00bfC\u00f3mo participar?<\/h2>\n<p>Para participar, se deber\u00e1 de realizar previamente la INSCRIPCI\u00d3N, que en su momento se anunciar\u00e1 y se realizara mediante un formulario ON-Line.<\/p>\n<p>El participante elegir\u00e1 la categor\u00eda donde desee participar, situ\u00e1ndose en la mesa de la Categor\u00eda elegida.<\/p>\n<p>Si est\u00e1s interesado, realiza <strong>YA<\/strong> la <a href=\"https:\/\/almeriamodelismo.com\/wp-al\/clinic-modelista-2015\/preinscripcion-clinic-2015\/\" target=\"_blank\"><strong>PRE-INSCRIPCI\u00d3N<\/strong><\/a>, sin compromiso, indicando la categor\u00eda en la que te interesa participar, puedes sugerirnos tem\u00e1ticas que te interesen, como aerograf\u00eda, montaje, scracht etc. y las observaciones que estimes oportunas.<\/p>\n<p>Te agradecer\u00edamos enormemente que la realizaras para as\u00ed ayudarnos a organizar el evento a tu medida.<\/p>\n<h2>Precio<\/h2>\n<p>El precio de la inscripci\u00f3n y que te dar\u00e1 derecho a participar todo el fin de semana del Clinic Modelista ser\u00e1 de <strong>25,00 \u20ac<\/strong> por persona para todo el fin de semana que dure el Clinic.<\/p>\n<h2>Horarios Previstos:<\/h2>\n<p><strong>Viernes:\u00a0\u00a0\u00a0\u00a0\u00a0\u00a0\u00a0\u00a0\u00a0\u00a0\u00a0\u00a0\u00a0\u00a0\u00a0\u00a0 17:00 h a 20:30 h.<\/strong><\/p>\n<p>Nota: El viernes ser\u00e1 de configuraci\u00f3n libre, a partir de las 17:00 h., podr\u00e1s tomar posesi\u00f3n de tu mesa, preparar tus cosas, comenzar a trabajar, etc.<\/p>\n<p><strong>S\u00e1bado:\u00a0\u00a0\u00a0\u00a0\u00a0\u00a0\u00a0\u00a0\u00a0\u00a0\u00a0\u00a0\u00a0\u00a0\u00a0\u00a0 10:00 h. a 14:00 h. \/ 16:30 h. a 21:00 h.<\/strong><\/p>\n<p><strong>Domingo:\u00a0\u00a0\u00a0\u00a0\u00a0\u00a0\u00a0\u00a0\u00a0\u00a0\u00a0\u00a0 10:00 h. a 14:00 h. Recogida y cierre.<\/strong><\/p>\n<h2>\u00bfQu\u00e9 tengo que traer?<\/h2>\n<p>Cada uno tendr\u00e1 que traer sus maquetas, herramientas y pinturas, y sobre todo ganas de trabajar, aprender y pas\u00e1rselo bien.<\/p>\n<h2>M\u00e1s:<\/h2>\n<h4>Mesa de Fotografia:<\/h4>\n<p>Donde se tomaran im\u00e1genes de todas las maquetas.<\/p>\n<h4>Mesa de Cambalache:<\/h4>\n<p>Para compra-venta entre asistentes.<\/p>\n<h4>Mesa de Exposici\u00f3n de Trabajos Terminados:<\/h4>\n<p>Para poder ver tranquilamente los modelos de los dem\u00e1s, se integraran tanto por participantes como por los Monitores.<\/p>\n<h4>Sorteo de una Vi\u00f1eta:<\/h4>\n<p>Ser\u00e1 una maqueta a 1\/48 montada por los miembros de Almeria Modelismo, pintada por Joaquin G\u00aa Gazquez, con figuras de Roberto Ramirez.<\/p>\n<p>Al realizar la Inscripci\u00f3n Definitiva, te ser\u00e1 entregado un n\u00famero que entrar\u00e1 a formar parte del sorteo, para aspirar a la vi\u00f1eta, no tendr\u00e1s que hacer ninguna papeleta, ni realizar ning\u00fan gasto extra, simplemente por el hecho de participar, entraras en el sorteo.<\/p>\n<h4>Obsequio &#8211; Recuerdo:<\/h4>\n<p>Por asistir al Clinic tendr\u00e1s un obsequio de recuerdo, ser\u00e1 un mandil protector, hecho en tela de camuflaje, y con el logo de Almer\u00eda Modelismo bordado en el Frontal:<\/p>\n<h4><a href=\"https:\/\/almeriamodelismo.com\/wp-al\/wp-content\/uploads\/2014\/07\/Clinic-15_014.jpg\" target=\"_blank\"><img loading=\"lazy\" decoding=\"async\" class=\"aligncenter wp-image-4448 size-medium\" src=\"https:\/\/almeriamodelismo.com\/wp-al\/wp-content\/uploads\/2014\/07\/Clinic-15_014-200x300.jpg\" alt=\"Clinic-15_014\" width=\"200\" height=\"300\" srcset=\"https:\/\/almeriamodelismo.com\/wp-al\/wp-content\/uploads\/2014\/07\/Clinic-15_014-200x300.jpg 200w, https:\/\/almeriamodelismo.com\/wp-al\/wp-content\/uploads\/2014\/07\/Clinic-15_014-217x325.jpg 217w, https:\/\/almeriamodelismo.com\/wp-al\/wp-content\/uploads\/2014\/07\/Clinic-15_014-100x150.jpg 100w, https:\/\/almeriamodelismo.com\/wp-al\/wp-content\/uploads\/2014\/07\/Clinic-15_014-189x283.jpg 189w, https:\/\/almeriamodelismo.com\/wp-al\/wp-content\/uploads\/2014\/07\/Clinic-15_014-178x267.jpg 178w, https:\/\/almeriamodelismo.com\/wp-al\/wp-content\/uploads\/2014\/07\/Clinic-15_014-167x250.jpg 167w, https:\/\/almeriamodelismo.com\/wp-al\/wp-content\/uploads\/2014\/07\/Clinic-15_014.jpg 550w\" sizes=\"auto, (max-width: 200px) 100vw, 200px\" \/><\/a>Comercial:<\/h4>\n<p>Habr\u00e1 un Stand de Venta de productos relacionados con el Modelismo, del comercio on-line <strong>Fullhobbies<\/strong>, donde se podr\u00e1 adquirir material para la pr\u00e1ctica del hobby:<\/p>\n<p><a href=\"http:\/\/www.fullhobbies.com\/index.php\" target=\"_blank\"><img loading=\"lazy\" decoding=\"async\" class=\"aligncenter\" src=\"http:\/\/expo14.almeriamodelismo.com\/wp\/wp-content\/uploads\/2013\/08\/Fullhobbies_115.jpg\" alt=\"\" width=\"115\" height=\"115\" \/><\/a><\/p>\n","protected":false},"excerpt":{"rendered":"<p>P\u00e1gina de Facebook INSCRIPCI\u00d3N Relacion de Monitores Reserva Hotel Colaboradores El Ambiente Galer\u00eda Taller Galer\u00eda Exposici\u00f3n Para cualquier consulta: info@almeriamodelismo.com&hellip; <\/p>\n","protected":false},"author":1,"featured_media":3448,"parent":0,"menu_order":0,"comment_status":"open","ping_status":"open","template":"templates\/template-onecolumn.php","meta":{"jetpack_post_was_ever_published":false,"footnotes":""},"class_list":["post-3451","page","type-page","status-publish","has-post-thumbnail","hentry"],"jetpack_shortlink":"https:\/\/wp.me\/P3moJ4-TF","jetpack_sharing_enabled":true,"jetpack_likes_enabled":true,"_links":{"self":[{"href":"https:\/\/almeriamodelismo.com\/wp-al\/wp-json\/wp\/v2\/pages\/3451","targetHints":{"allow":["GET"]}}],"collection":[{"href":"https:\/\/almeriamodelismo.com\/wp-al\/wp-json\/wp\/v2\/pages"}],"about":[{"href":"https:\/\/almeriamodelismo.com\/wp-al\/wp-json\/wp\/v2\/types\/page"}],"author":[{"embeddable":true,"href":"https:\/\/almeriamodelismo.com\/wp-al\/wp-json\/wp\/v2\/users\/1"}],"replies":[{"embeddable":true,"href":"https:\/\/almeriamodelismo.com\/wp-al\/wp-json\/wp\/v2\/comments?post=3451"}],"version-history":[{"count":48,"href":"https:\/\/almeriamodelismo.com\/wp-al\/wp-json\/wp\/v2\/pages\/3451\/revisions"}],"predecessor-version":[{"id":5020,"href":"https:\/\/almeriamodelismo.com\/wp-al\/wp-json\/wp\/v2\/pages\/3451\/revisions\/5020"}],"wp:featuredmedia":[{"embeddable":true,"href":"https:\/\/almeriamodelismo.com\/wp-al\/wp-json\/wp\/v2\/media\/3448"}],"wp:attachment":[{"href":"https:\/\/almeriamodelismo.com\/wp-al\/wp-json\/wp\/v2\/media?parent=3451"}],"curies":[{"name":"wp","href":"https:\/\/api.w.org\/{rel}","templated":true}]}}