{"id":3030,"date":"2014-05-22T18:45:46","date_gmt":"2014-05-22T16:45:46","guid":{"rendered":"http:\/\/almeriamodelismo.com\/wp-al\/?page_id=3030"},"modified":"2014-05-28T07:09:19","modified_gmt":"2014-05-28T05:09:19","slug":"tema-03-texturizacion-de-superficies","status":"publish","type":"page","link":"https:\/\/almeriamodelismo.com\/wp-al\/tema-03-texturizacion-de-superficies\/","title":{"rendered":"Tema 03: Texturizaci\u00f3n de Superficies"},"content":{"rendered":"<p>En este tema vamos a desarrollar como imitar en nuestro modelo la textura de fundici\u00f3n que presentan muchos carros de combate en algunas de sus piezas.<\/p>\n<p>Para imitar esta textura se pueden usar varias t\u00e9cnicas, aqu\u00ed en concreto vamos a explicar como hacerlo de una forma f\u00e1cil con la masilla gris de tamiya.<\/p>\n<p>Como se puede ver, en la mayor\u00eda de las versiones del T-34 las torretas presentan esta textura, que puede abarcar desde una rugosidad muy suave hasta una bastante mucho mas basta.<\/p>\n<p>Para nuestro grupo de trabajo, los que est\u00e9is montando el modelo de tamiya no os va a hacer falta realizar este paso puesto que viene muy bien representado en el modelo, pero es un paso importante para los modelos de hobbyboss que vienen sin textura.<\/p>\n<p>Para comenzar con el texturizado antes debemos montar la torreta. En este caso se pegan las diferentes piezas y se imitan los cordones de soldadura con pl\u00e1stico estirado, por \u00faltimo las barandillas se dejan sin pegar para facilitar el proceso.<\/p>\n<p>Aqu\u00ed se puede ver la torreta ya preparada:<\/p>\n<p><a href=\"https:\/\/almeriamodelismo.com\/wp-al\/wp-content\/uploads\/2014\/05\/22_zps3f205083.jpg\"><img loading=\"lazy\" decoding=\"async\" class=\"aligncenter size-full wp-image-3032\" src=\"https:\/\/almeriamodelismo.com\/wp-al\/wp-content\/uploads\/2014\/05\/22_zps3f205083.jpg\" alt=\"22_zps3f205083\" width=\"825\" height=\"550\" srcset=\"https:\/\/almeriamodelismo.com\/wp-al\/wp-content\/uploads\/2014\/05\/22_zps3f205083.jpg 825w, https:\/\/almeriamodelismo.com\/wp-al\/wp-content\/uploads\/2014\/05\/22_zps3f205083-325x217.jpg 325w, https:\/\/almeriamodelismo.com\/wp-al\/wp-content\/uploads\/2014\/05\/22_zps3f205083-768x512.jpg 768w, https:\/\/almeriamodelismo.com\/wp-al\/wp-content\/uploads\/2014\/05\/22_zps3f205083-375x250.jpg 375w, https:\/\/almeriamodelismo.com\/wp-al\/wp-content\/uploads\/2014\/05\/22_zps3f205083-150x100.jpg 150w\" sizes=\"auto, (max-width: 825px) 100vw, 825px\" \/><\/a><a href=\"https:\/\/almeriamodelismo.com\/wp-al\/wp-content\/uploads\/2014\/05\/23_zpsc9a3baca.jpg\"><img loading=\"lazy\" decoding=\"async\" class=\"aligncenter size-full wp-image-3033\" src=\"https:\/\/almeriamodelismo.com\/wp-al\/wp-content\/uploads\/2014\/05\/23_zpsc9a3baca.jpg\" alt=\"23_zpsc9a3baca\" width=\"825\" height=\"550\" srcset=\"https:\/\/almeriamodelismo.com\/wp-al\/wp-content\/uploads\/2014\/05\/23_zpsc9a3baca.jpg 825w, https:\/\/almeriamodelismo.com\/wp-al\/wp-content\/uploads\/2014\/05\/23_zpsc9a3baca-325x217.jpg 325w, https:\/\/almeriamodelismo.com\/wp-al\/wp-content\/uploads\/2014\/05\/23_zpsc9a3baca-768x512.jpg 768w, https:\/\/almeriamodelismo.com\/wp-al\/wp-content\/uploads\/2014\/05\/23_zpsc9a3baca-375x250.jpg 375w, https:\/\/almeriamodelismo.com\/wp-al\/wp-content\/uploads\/2014\/05\/23_zpsc9a3baca-150x100.jpg 150w\" sizes=\"auto, (max-width: 825px) 100vw, 825px\" \/><\/a><a href=\"https:\/\/almeriamodelismo.com\/wp-al\/wp-content\/uploads\/2014\/05\/24_zps8d32c601.jpg\"><img loading=\"lazy\" decoding=\"async\" class=\"aligncenter size-full wp-image-3034\" src=\"https:\/\/almeriamodelismo.com\/wp-al\/wp-content\/uploads\/2014\/05\/24_zps8d32c601.jpg\" alt=\"24_zps8d32c601\" width=\"825\" height=\"550\" srcset=\"https:\/\/almeriamodelismo.com\/wp-al\/wp-content\/uploads\/2014\/05\/24_zps8d32c601.jpg 825w, https:\/\/almeriamodelismo.com\/wp-al\/wp-content\/uploads\/2014\/05\/24_zps8d32c601-325x217.jpg 325w, https:\/\/almeriamodelismo.com\/wp-al\/wp-content\/uploads\/2014\/05\/24_zps8d32c601-768x512.jpg 768w, https:\/\/almeriamodelismo.com\/wp-al\/wp-content\/uploads\/2014\/05\/24_zps8d32c601-375x250.jpg 375w, https:\/\/almeriamodelismo.com\/wp-al\/wp-content\/uploads\/2014\/05\/24_zps8d32c601-150x100.jpg 150w\" sizes=\"auto, (max-width: 825px) 100vw, 825px\" \/><\/a><a href=\"https:\/\/almeriamodelismo.com\/wp-al\/wp-content\/uploads\/2014\/05\/25_zpsbdadd1fd.jpg\"><img loading=\"lazy\" decoding=\"async\" class=\"aligncenter size-full wp-image-3035\" src=\"https:\/\/almeriamodelismo.com\/wp-al\/wp-content\/uploads\/2014\/05\/25_zpsbdadd1fd.jpg\" alt=\"25_zpsbdadd1fd\" width=\"825\" height=\"550\" srcset=\"https:\/\/almeriamodelismo.com\/wp-al\/wp-content\/uploads\/2014\/05\/25_zpsbdadd1fd.jpg 825w, https:\/\/almeriamodelismo.com\/wp-al\/wp-content\/uploads\/2014\/05\/25_zpsbdadd1fd-325x217.jpg 325w, https:\/\/almeriamodelismo.com\/wp-al\/wp-content\/uploads\/2014\/05\/25_zpsbdadd1fd-768x512.jpg 768w, https:\/\/almeriamodelismo.com\/wp-al\/wp-content\/uploads\/2014\/05\/25_zpsbdadd1fd-375x250.jpg 375w, https:\/\/almeriamodelismo.com\/wp-al\/wp-content\/uploads\/2014\/05\/25_zpsbdadd1fd-150x100.jpg 150w\" sizes=\"auto, (max-width: 825px) 100vw, 825px\" \/><\/a>Los materiales que se van a usar son:<br \/>\n\u2022\u00a0\u00a0\u00a0Masilla\/putty\u00a0 de tamiya.<br \/>\n\u2022\u00a0\u00a0\u00a0Un pincel de cerdas duras (en este caso se usa uno viejo).<br \/>\n\u2022\u00a0\u00a0\u00a0Acetona (para diliur la masilla).<br \/>\n<a href=\"https:\/\/almeriamodelismo.com\/wp-al\/wp-content\/uploads\/2014\/05\/26_zps14dbb5a4.jpg\"><img loading=\"lazy\" decoding=\"async\" class=\"aligncenter size-full wp-image-3036\" src=\"https:\/\/almeriamodelismo.com\/wp-al\/wp-content\/uploads\/2014\/05\/26_zps14dbb5a4.jpg\" alt=\"26_zps14dbb5a4\" width=\"825\" height=\"550\" srcset=\"https:\/\/almeriamodelismo.com\/wp-al\/wp-content\/uploads\/2014\/05\/26_zps14dbb5a4.jpg 825w, https:\/\/almeriamodelismo.com\/wp-al\/wp-content\/uploads\/2014\/05\/26_zps14dbb5a4-325x217.jpg 325w, https:\/\/almeriamodelismo.com\/wp-al\/wp-content\/uploads\/2014\/05\/26_zps14dbb5a4-768x512.jpg 768w, https:\/\/almeriamodelismo.com\/wp-al\/wp-content\/uploads\/2014\/05\/26_zps14dbb5a4-375x250.jpg 375w, https:\/\/almeriamodelismo.com\/wp-al\/wp-content\/uploads\/2014\/05\/26_zps14dbb5a4-150x100.jpg 150w\" sizes=\"auto, (max-width: 825px) 100vw, 825px\" \/><\/a>Para comenzar con el proceso se diluye un poco la masilla y se aplica en la torreta. Una vez aplicado y sin dar tiempo a que seque, damos peque\u00f1os golpes con el pincel de cerdas duras obteniendo as\u00ed\u00a0 una textura rugosa.<\/p>\n<p>Para este paso recomiendo aplicar la masilla poco a poco sin abarcar toda la superficie para evitar que se nos seque. Si pasa esto, tampoco hay que preocuparse, simplemente se humedece con acetona y ya se puede trabajar de nuevo.<\/p>\n<p>Si finalizamos el proceso y obtenemos una textura demasiado brusca, se puede rebajar la granulaci\u00f3n pasando con cuidado un pincel suave, ligeramente humedecido en acetona, hasta que obtengamos una textura convincente.<br \/>\n<a href=\"https:\/\/almeriamodelismo.com\/wp-al\/wp-content\/uploads\/2014\/05\/21_zps46fdad5b.jpg\"><img loading=\"lazy\" decoding=\"async\" class=\"aligncenter size-full wp-image-3031\" src=\"https:\/\/almeriamodelismo.com\/wp-al\/wp-content\/uploads\/2014\/05\/21_zps46fdad5b.jpg\" alt=\"21_zps46fdad5b\" width=\"825\" height=\"550\" srcset=\"https:\/\/almeriamodelismo.com\/wp-al\/wp-content\/uploads\/2014\/05\/21_zps46fdad5b.jpg 825w, https:\/\/almeriamodelismo.com\/wp-al\/wp-content\/uploads\/2014\/05\/21_zps46fdad5b-325x217.jpg 325w, https:\/\/almeriamodelismo.com\/wp-al\/wp-content\/uploads\/2014\/05\/21_zps46fdad5b-768x512.jpg 768w, https:\/\/almeriamodelismo.com\/wp-al\/wp-content\/uploads\/2014\/05\/21_zps46fdad5b-450x300.jpg 450w, https:\/\/almeriamodelismo.com\/wp-al\/wp-content\/uploads\/2014\/05\/21_zps46fdad5b-150x100.jpg 150w, https:\/\/almeriamodelismo.com\/wp-al\/wp-content\/uploads\/2014\/05\/21_zps46fdad5b-425x283.jpg 425w, https:\/\/almeriamodelismo.com\/wp-al\/wp-content\/uploads\/2014\/05\/21_zps46fdad5b-400x267.jpg 400w, https:\/\/almeriamodelismo.com\/wp-al\/wp-content\/uploads\/2014\/05\/21_zps46fdad5b-375x250.jpg 375w\" sizes=\"auto, (max-width: 825px) 100vw, 825px\" \/><\/a>Ya para terminar se puede ver el conjunto de la torreta con el resto de piezas del kit.<\/p>\n<p><a href=\"https:\/\/almeriamodelismo.com\/wp-al\/wp-content\/uploads\/2014\/05\/AM_2014_05_17_0611.jpg\"><img loading=\"lazy\" decoding=\"async\" class=\"aligncenter size-full wp-image-3037\" src=\"https:\/\/almeriamodelismo.com\/wp-al\/wp-content\/uploads\/2014\/05\/AM_2014_05_17_0611.jpg\" alt=\"AM_2014_05_17_061\" width=\"825\" height=\"550\" srcset=\"https:\/\/almeriamodelismo.com\/wp-al\/wp-content\/uploads\/2014\/05\/AM_2014_05_17_0611.jpg 825w, https:\/\/almeriamodelismo.com\/wp-al\/wp-content\/uploads\/2014\/05\/AM_2014_05_17_0611-325x217.jpg 325w, https:\/\/almeriamodelismo.com\/wp-al\/wp-content\/uploads\/2014\/05\/AM_2014_05_17_0611-768x512.jpg 768w, https:\/\/almeriamodelismo.com\/wp-al\/wp-content\/uploads\/2014\/05\/AM_2014_05_17_0611-375x250.jpg 375w, https:\/\/almeriamodelismo.com\/wp-al\/wp-content\/uploads\/2014\/05\/AM_2014_05_17_0611-150x100.jpg 150w\" sizes=\"auto, (max-width: 825px) 100vw, 825px\" \/><\/a><a href=\"https:\/\/almeriamodelismo.com\/wp-al\/wp-content\/uploads\/2014\/05\/AM_2014_05_17_0631.jpg\"><img loading=\"lazy\" decoding=\"async\" class=\"aligncenter size-full wp-image-3038\" src=\"https:\/\/almeriamodelismo.com\/wp-al\/wp-content\/uploads\/2014\/05\/AM_2014_05_17_0631.jpg\" alt=\"AM_2014_05_17_063\" width=\"825\" height=\"550\" srcset=\"https:\/\/almeriamodelismo.com\/wp-al\/wp-content\/uploads\/2014\/05\/AM_2014_05_17_0631.jpg 825w, https:\/\/almeriamodelismo.com\/wp-al\/wp-content\/uploads\/2014\/05\/AM_2014_05_17_0631-325x217.jpg 325w, https:\/\/almeriamodelismo.com\/wp-al\/wp-content\/uploads\/2014\/05\/AM_2014_05_17_0631-768x512.jpg 768w, https:\/\/almeriamodelismo.com\/wp-al\/wp-content\/uploads\/2014\/05\/AM_2014_05_17_0631-375x250.jpg 375w, https:\/\/almeriamodelismo.com\/wp-al\/wp-content\/uploads\/2014\/05\/AM_2014_05_17_0631-150x100.jpg 150w\" sizes=\"auto, (max-width: 825px) 100vw, 825px\" \/><\/a><\/p>\n<p style=\"text-align: right;\"><em>Tema realizado por Carlos Alba.<\/em><\/p>\n<p>&nbsp;<\/p>\n","protected":false},"excerpt":{"rendered":"<p>En este tema vamos a desarrollar como imitar en nuestro modelo la textura de fundici\u00f3n que presentan muchos carros de&hellip; <\/p>\n","protected":false},"author":1,"featured_media":3031,"parent":0,"menu_order":0,"comment_status":"open","ping_status":"open","template":"","meta":{"footnotes":""},"class_list":["post-3030","page","type-page","status-publish","has-post-thumbnail","hentry"],"jetpack_shortlink":"https:\/\/wp.me\/P3moJ4-MS","jetpack_sharing_enabled":true,"jetpack_likes_enabled":true,"_links":{"self":[{"href":"https:\/\/almeriamodelismo.com\/wp-al\/wp-json\/wp\/v2\/pages\/3030","targetHints":{"allow":["GET"]}}],"collection":[{"href":"https:\/\/almeriamodelismo.com\/wp-al\/wp-json\/wp\/v2\/pages"}],"about":[{"href":"https:\/\/almeriamodelismo.com\/wp-al\/wp-json\/wp\/v2\/types\/page"}],"author":[{"embeddable":true,"href":"https:\/\/almeriamodelismo.com\/wp-al\/wp-json\/wp\/v2\/users\/1"}],"replies":[{"embeddable":true,"href":"https:\/\/almeriamodelismo.com\/wp-al\/wp-json\/wp\/v2\/comments?post=3030"}],"version-history":[{"count":5,"href":"https:\/\/almeriamodelismo.com\/wp-al\/wp-json\/wp\/v2\/pages\/3030\/revisions"}],"predecessor-version":[{"id":3094,"href":"https:\/\/almeriamodelismo.com\/wp-al\/wp-json\/wp\/v2\/pages\/3030\/revisions\/3094"}],"wp:featuredmedia":[{"embeddable":true,"href":"https:\/\/almeriamodelismo.com\/wp-al\/wp-json\/wp\/v2\/media\/3031"}],"wp:attachment":[{"href":"https:\/\/almeriamodelismo.com\/wp-al\/wp-json\/wp\/v2\/media?parent=3030"}],"curies":[{"name":"wp","href":"https:\/\/api.w.org\/{rel}","templated":true}]}}