{"id":301,"date":"2013-03-17T21:02:59","date_gmt":"2013-03-17T21:02:59","guid":{"rendered":"http:\/\/almeriamodelismo.com\/wp-al\/?page_id=301"},"modified":"2017-05-21T08:54:19","modified_gmt":"2017-05-21T07:54:19","slug":"aviacion","status":"publish","type":"page","link":"https:\/\/almeriamodelismo.com\/wp-al\/galeria\/aviacion\/","title":{"rendered":"Aviaci\u00f3n"},"content":{"rendered":"<table border=\"0\">\n<tbody>\n<tr>\n<td style=\"background-color: #ffffff;\"><\/td>\n<td style=\"background-color: #ffffff;\"><\/td>\n<td style=\"background-color: #ffffff;\">\n<p><figure id=\"attachment_8763\" aria-describedby=\"caption-attachment-8763\" style=\"width: 325px\" class=\"wp-caption aligncenter\"><a href=\"https:\/\/almeriamodelismo.com\/wp-al\/ki-84\/\"><img loading=\"lazy\" decoding=\"async\" class=\"wp-image-8763 size-medium\" src=\"https:\/\/almeriamodelismo.com\/wp-al\/wp-content\/uploads\/2017\/05\/AM_2017_05_20_034-325x216.jpg\" alt=\"\" width=\"325\" height=\"216\" srcset=\"https:\/\/almeriamodelismo.com\/wp-al\/wp-content\/uploads\/2017\/05\/AM_2017_05_20_034-325x216.jpg 325w, https:\/\/almeriamodelismo.com\/wp-al\/wp-content\/uploads\/2017\/05\/AM_2017_05_20_034-768x511.jpg 768w, https:\/\/almeriamodelismo.com\/wp-al\/wp-content\/uploads\/2017\/05\/AM_2017_05_20_034-450x300.jpg 450w, https:\/\/almeriamodelismo.com\/wp-al\/wp-content\/uploads\/2017\/05\/AM_2017_05_20_034-150x100.jpg 150w, https:\/\/almeriamodelismo.com\/wp-al\/wp-content\/uploads\/2017\/05\/AM_2017_05_20_034-425x283.jpg 425w, https:\/\/almeriamodelismo.com\/wp-al\/wp-content\/uploads\/2017\/05\/AM_2017_05_20_034-400x267.jpg 400w, https:\/\/almeriamodelismo.com\/wp-al\/wp-content\/uploads\/2017\/05\/AM_2017_05_20_034-375x250.jpg 375w, https:\/\/almeriamodelismo.com\/wp-al\/wp-content\/uploads\/2017\/05\/AM_2017_05_20_034.jpg 1000w\" sizes=\"auto, (max-width: 325px) 100vw, 325px\" \/><\/a><figcaption id=\"caption-attachment-8763\" class=\"wp-caption-text\">Ki-84, Tiger Model S\/E<br \/>por Daniel Garc\u00eda<\/figcaption><\/figure><\/td>\n<\/tr>\n<tr>\n<td style=\"background-color: #ffffff;\">\n<p><figure id=\"attachment_8374\" aria-describedby=\"caption-attachment-8374\" style=\"width: 325px\" class=\"wp-caption aligncenter\"><a href=\"https:\/\/almeriamodelismo.com\/wp-al\/galeria-messerschmitt-bf-109-g6-academy-148-por-manuel-cespedes\/\"><img loading=\"lazy\" decoding=\"async\" class=\"wp-image-8374 size-medium\" src=\"https:\/\/almeriamodelismo.com\/wp-al\/wp-content\/uploads\/2017\/02\/AM_2017_02_18_065-325x216.jpg\" width=\"325\" height=\"216\" srcset=\"https:\/\/almeriamodelismo.com\/wp-al\/wp-content\/uploads\/2017\/02\/AM_2017_02_18_065-325x216.jpg 325w, https:\/\/almeriamodelismo.com\/wp-al\/wp-content\/uploads\/2017\/02\/AM_2017_02_18_065-768x511.jpg 768w, https:\/\/almeriamodelismo.com\/wp-al\/wp-content\/uploads\/2017\/02\/AM_2017_02_18_065-450x300.jpg 450w, https:\/\/almeriamodelismo.com\/wp-al\/wp-content\/uploads\/2017\/02\/AM_2017_02_18_065-150x100.jpg 150w, https:\/\/almeriamodelismo.com\/wp-al\/wp-content\/uploads\/2017\/02\/AM_2017_02_18_065-425x283.jpg 425w, https:\/\/almeriamodelismo.com\/wp-al\/wp-content\/uploads\/2017\/02\/AM_2017_02_18_065-400x267.jpg 400w, https:\/\/almeriamodelismo.com\/wp-al\/wp-content\/uploads\/2017\/02\/AM_2017_02_18_065-375x250.jpg 375w, https:\/\/almeriamodelismo.com\/wp-al\/wp-content\/uploads\/2017\/02\/AM_2017_02_18_065.jpg 1000w\" sizes=\"auto, (max-width: 325px) 100vw, 325px\" \/><\/a><figcaption id=\"caption-attachment-8374\" class=\"wp-caption-text\">Messerschmitt Bf-109 G6, Academy 1\/48<br \/>por Manuel C\u00e9spedes<\/figcaption><\/figure><\/td>\n<td style=\"background-color: #ffffff;\">\n<p><figure id=\"attachment_8232\" aria-describedby=\"caption-attachment-8232\" style=\"width: 325px\" class=\"wp-caption aligncenter\"><a href=\"https:\/\/almeriamodelismo.com\/wp-al\/galeria-hawker-sea-hurricane-airfix-172-por-victor-martinez\/\"><img loading=\"lazy\" decoding=\"async\" class=\"wp-image-8232 size-medium\" src=\"https:\/\/almeriamodelismo.com\/wp-al\/wp-content\/uploads\/2017\/01\/AM_2017_01_14_076-325x216.jpg\" width=\"325\" height=\"216\" srcset=\"https:\/\/almeriamodelismo.com\/wp-al\/wp-content\/uploads\/2017\/01\/AM_2017_01_14_076-325x216.jpg 325w, https:\/\/almeriamodelismo.com\/wp-al\/wp-content\/uploads\/2017\/01\/AM_2017_01_14_076-768x511.jpg 768w, https:\/\/almeriamodelismo.com\/wp-al\/wp-content\/uploads\/2017\/01\/AM_2017_01_14_076-450x300.jpg 450w, https:\/\/almeriamodelismo.com\/wp-al\/wp-content\/uploads\/2017\/01\/AM_2017_01_14_076-150x100.jpg 150w, https:\/\/almeriamodelismo.com\/wp-al\/wp-content\/uploads\/2017\/01\/AM_2017_01_14_076-425x283.jpg 425w, https:\/\/almeriamodelismo.com\/wp-al\/wp-content\/uploads\/2017\/01\/AM_2017_01_14_076-400x267.jpg 400w, https:\/\/almeriamodelismo.com\/wp-al\/wp-content\/uploads\/2017\/01\/AM_2017_01_14_076-375x250.jpg 375w, https:\/\/almeriamodelismo.com\/wp-al\/wp-content\/uploads\/2017\/01\/AM_2017_01_14_076.jpg 1000w\" sizes=\"auto, (max-width: 325px) 100vw, 325px\" \/><\/a><figcaption id=\"caption-attachment-8232\" class=\"wp-caption-text\">Hawker Sea Hurricane, Airfix 1\/72<br \/>por V\u00edctor Mart\u00ednez<\/figcaption><\/figure><\/td>\n<td style=\"background-color: #ffffff;\">\n<p><figure id=\"attachment_8227\" aria-describedby=\"caption-attachment-8227\" style=\"width: 325px\" class=\"wp-caption aligncenter\"><a href=\"https:\/\/almeriamodelismo.com\/wp-al\/galeria-mitsubishi-a6m2b-zero-airfix-172-por-victor-martinez\/\"><img loading=\"lazy\" decoding=\"async\" class=\"wp-image-8227 size-medium\" src=\"https:\/\/almeriamodelismo.com\/wp-al\/wp-content\/uploads\/2017\/01\/AM_2017_01_14_073-325x216.jpg\" width=\"325\" height=\"216\" srcset=\"https:\/\/almeriamodelismo.com\/wp-al\/wp-content\/uploads\/2017\/01\/AM_2017_01_14_073-325x216.jpg 325w, https:\/\/almeriamodelismo.com\/wp-al\/wp-content\/uploads\/2017\/01\/AM_2017_01_14_073-768x511.jpg 768w, https:\/\/almeriamodelismo.com\/wp-al\/wp-content\/uploads\/2017\/01\/AM_2017_01_14_073-450x300.jpg 450w, https:\/\/almeriamodelismo.com\/wp-al\/wp-content\/uploads\/2017\/01\/AM_2017_01_14_073-150x100.jpg 150w, https:\/\/almeriamodelismo.com\/wp-al\/wp-content\/uploads\/2017\/01\/AM_2017_01_14_073-425x283.jpg 425w, https:\/\/almeriamodelismo.com\/wp-al\/wp-content\/uploads\/2017\/01\/AM_2017_01_14_073-400x267.jpg 400w, https:\/\/almeriamodelismo.com\/wp-al\/wp-content\/uploads\/2017\/01\/AM_2017_01_14_073-375x250.jpg 375w, https:\/\/almeriamodelismo.com\/wp-al\/wp-content\/uploads\/2017\/01\/AM_2017_01_14_073.jpg 1000w\" sizes=\"auto, (max-width: 325px) 100vw, 325px\" \/><\/a><figcaption id=\"caption-attachment-8227\" class=\"wp-caption-text\">Mitsubishi A6M2b Zero, Airfix 1\/72<br \/>por V\u00edctor Mart\u00ednez<\/figcaption><\/figure><\/td>\n<\/tr>\n<tr>\n<td style=\"background-color: #ffffff;\">\n<p><figure id=\"attachment_7551\" aria-describedby=\"caption-attachment-7551\" style=\"width: 300px\" class=\"wp-caption aligncenter\"><a href=\"https:\/\/almeriamodelismo.com\/wp-al\/galeria-dornier-do-27-hispano-aviokit-172-por-victor-martinez\/\"><img loading=\"lazy\" decoding=\"async\" class=\"wp-image-7551 size-medium\" src=\"https:\/\/almeriamodelismo.com\/wp-al\/wp-content\/uploads\/2016\/10\/AM_2016_10_08_010-300x200.jpg\" alt=\"am_2016_10_08_010\" width=\"300\" height=\"200\" \/><\/a><figcaption id=\"caption-attachment-7551\" class=\"wp-caption-text\">Dornier Do-27, Hispano Aviokit 1\/72<br \/>por V\u00edctor Mart\u00ednez<\/figcaption><\/figure><\/td>\n<td style=\"background-color: #ffffff;\">\n<p><figure id=\"attachment_7168\" aria-describedby=\"caption-attachment-7168\" style=\"width: 300px\" class=\"wp-caption aligncenter\"><a href=\"https:\/\/almeriamodelismo.com\/wp-al\/galeria-mitsubishi-a6m2b-zero-airfix-172-por-j-enrique-jimenez\/\"><img loading=\"lazy\" decoding=\"async\" class=\"wp-image-7168 size-medium\" src=\"https:\/\/almeriamodelismo.com\/wp-al\/wp-content\/uploads\/2016\/07\/AM_2016_07_02_059-300x200.jpg\" alt=\"AM_2016_07_02_059\" width=\"300\" height=\"200\" \/><\/a><figcaption id=\"caption-attachment-7168\" class=\"wp-caption-text\">Mitsubishi A6M2b Zero, Airfix 1\/72<br \/>por J. Enrique Jimenez<\/figcaption><\/figure><\/td>\n<td style=\"background-color: #ffffff;\">\n<p><figure id=\"attachment_6953\" aria-describedby=\"caption-attachment-6953\" style=\"width: 300px\" class=\"wp-caption aligncenter\"><a href=\"https:\/\/almeriamodelismo.com\/wp-al\/galeria-f-86-sabre-airfix-172-por-francisco-l-vidal\/\"><img loading=\"lazy\" decoding=\"async\" class=\"wp-image-6953 size-medium\" src=\"https:\/\/almeriamodelismo.com\/wp-al\/wp-content\/uploads\/2016\/05\/AM_2016_05_14_011-300x200.jpg\" alt=\"AM_2016_05_14_011\" width=\"300\" height=\"200\" \/><\/a><figcaption id=\"caption-attachment-6953\" class=\"wp-caption-text\">F-86 Sabre, Airfix 1\/72<br \/>por Francisco L. Vidal<\/figcaption><\/figure><\/td>\n<\/tr>\n<tr>\n<td style=\"background-color: #ffffff;\">\n<p><figure id=\"attachment_6773\" aria-describedby=\"caption-attachment-6773\" style=\"width: 300px\" class=\"wp-caption aligncenter\"><a href=\"https:\/\/almeriamodelismo.com\/wp-al\/galeria-mig-15_vidal\/\"><img loading=\"lazy\" decoding=\"async\" class=\"wp-image-6773 size-medium\" src=\"https:\/\/almeriamodelismo.com\/wp-al\/wp-content\/uploads\/2016\/04\/AM_2016_04_02_203-300x200.jpg\" alt=\"AM_2016_04_02_203\" width=\"300\" height=\"200\" \/><\/a><figcaption id=\"caption-attachment-6773\" class=\"wp-caption-text\">Mig-15, Airfix 1\/72<br \/>por Francisco L. Vidal<\/figcaption><\/figure><\/td>\n<td style=\"background-color: #ffffff;\">\n<p><figure id=\"attachment_6446\" aria-describedby=\"caption-attachment-6446\" style=\"width: 300px\" class=\"wp-caption aligncenter\"><a href=\"https:\/\/almeriamodelismo.com\/wp-al\/galeria-mig-3-hobbyboss-172-por-victor-martinez\/\"><img loading=\"lazy\" decoding=\"async\" class=\"wp-image-6446 size-medium\" src=\"https:\/\/almeriamodelismo.com\/wp-al\/wp-content\/uploads\/2016\/01\/AM_2016_01_16_018-300x200.jpg\" alt=\"AM_2016_01_16_018\" width=\"300\" height=\"200\" \/><\/a><figcaption id=\"caption-attachment-6446\" class=\"wp-caption-text\">Mig-3, Hobbyboss 1\/72<br \/>por V\u00edctor Mart\u00ednez<\/figcaption><\/figure><\/td>\n<td style=\"background-color: #ffffff;\">\n<p><figure id=\"attachment_6317\" aria-describedby=\"caption-attachment-6317\" style=\"width: 300px\" class=\"wp-caption aligncenter\"><a href=\"https:\/\/almeriamodelismo.com\/wp-al\/galeria-i-16-hasegawa-172-por-juan-enrique-jimenez\/\"><img loading=\"lazy\" decoding=\"async\" class=\"wp-image-6317 size-medium\" src=\"https:\/\/almeriamodelismo.com\/wp-al\/wp-content\/uploads\/2015\/12\/AM_2015_12_12_014-300x200.jpg\" alt=\"AM_2015_12_12_014\" width=\"300\" height=\"200\" \/><\/a><figcaption id=\"caption-attachment-6317\" class=\"wp-caption-text\">Polikarpov I-16, Hasegawa 1\/72<br \/> por Juan Enrique Jim\u00e9nez<\/figcaption><\/figure><\/td>\n<\/tr>\n<tr>\n<td style=\"background-color: #ffffff;\">\n<p><figure id=\"attachment_6306\" aria-describedby=\"caption-attachment-6306\" style=\"width: 300px\" class=\"wp-caption aligncenter\"><a href=\"https:\/\/almeriamodelismo.com\/wp-al\/galeria-bucker-bu-133-jungmeister-heller-172-por-victor-martinez\/\"><img loading=\"lazy\" decoding=\"async\" class=\"wp-image-6306 size-medium\" src=\"https:\/\/almeriamodelismo.com\/wp-al\/wp-content\/uploads\/2015\/12\/AM_2015_12_12_027-300x200.jpg\" alt=\"AM_2015_12_12_027\" width=\"300\" height=\"200\" \/><\/a><figcaption id=\"caption-attachment-6306\" class=\"wp-caption-text\">B\u00fccker B\u00fc-133 Jungmeister, Heller 1\/72<br \/>por V\u00edctor Mart\u00ednez<\/figcaption><\/figure><\/td>\n<td style=\"background-color: #ffffff;\">\n<p><figure id=\"attachment_6293\" aria-describedby=\"caption-attachment-6293\" style=\"width: 300px\" class=\"wp-caption aligncenter\"><a href=\"https:\/\/almeriamodelismo.com\/wp-al\/galeria-vought-f4u-1a-corsair-tamiya-172-por-victor-martinez\/\"><img loading=\"lazy\" decoding=\"async\" class=\"wp-image-6293 size-medium\" src=\"https:\/\/almeriamodelismo.com\/wp-al\/wp-content\/uploads\/2015\/12\/AM_2015_12_12_034-300x200.jpg\" alt=\"AM_2015_12_12_034\" width=\"300\" height=\"200\" \/><\/a><figcaption id=\"caption-attachment-6293\" class=\"wp-caption-text\">Vought F4U-1A Corsair, Tamiya 1\/72<br \/>por V\u00edctor Mart\u00ednez<\/figcaption><\/figure><\/td>\n<td style=\"background-color: #ffffff;\">\n<p><figure id=\"attachment_4086\" aria-describedby=\"caption-attachment-4086\" style=\"width: 300px\" class=\"wp-caption aligncenter\"><a href=\"https:\/\/almeriamodelismo.com\/wp-al\/galeria-off-to-pearl-harbor-tamiya-172-por-joaquin-ga-gazquez\/\"><img loading=\"lazy\" decoding=\"async\" class=\"wp-image-4086 size-medium\" src=\"https:\/\/almeriamodelismo.com\/wp-al\/wp-content\/uploads\/2014\/11\/AM_2014_09_20_048-300x200.jpg\" alt=\"AM_2014_09_20_048\" width=\"300\" height=\"200\" \/><\/a><figcaption id=\"caption-attachment-4086\" class=\"wp-caption-text\">\u201cOff to Pearl Harbor\u201d, Tamiya 1\/72<br \/>por Joaqu\u00edn G\u00aa G\u00e1zquez<\/figcaption><\/figure><\/td>\n<\/tr>\n<tr>\n<td style=\"background-color: #ffffff;\">\n<p><figure id=\"attachment_4386\" aria-describedby=\"caption-attachment-4386\" style=\"width: 300px\" class=\"wp-caption aligncenter\"><a href=\"https:\/\/almeriamodelismo.com\/wp-al\/galeria-focke-wulf-ta-152h-0-aoshima-172-por-victor-martinez\/\"><img loading=\"lazy\" decoding=\"async\" class=\"wp-image-4386 size-medium\" src=\"https:\/\/almeriamodelismo.com\/wp-al\/wp-content\/uploads\/2014\/12\/AM_2014_12_20_030-300x200.jpg\" alt=\"AM_2014_12_20_030\" width=\"300\" height=\"200\" \/><\/a><figcaption id=\"caption-attachment-4386\" class=\"wp-caption-text\">Focke Wulf Ta 152H-0, Aoshima 1\/72<br \/>por V\u00edctor M\u00e1rtinez.<\/figcaption><\/figure><\/td>\n<td style=\"background-color: #ffffff;\">\n<p><figure id=\"attachment_4102\" aria-describedby=\"caption-attachment-4102\" style=\"width: 300px\" class=\"wp-caption aligncenter\"><a href=\"https:\/\/almeriamodelismo.com\/wp-al\/galeria-ki-61-tony-hasegawa-148-por-carlos-alba\/\"><img loading=\"lazy\" decoding=\"async\" class=\"wp-image-4102 size-medium\" src=\"https:\/\/almeriamodelismo.com\/wp-al\/wp-content\/uploads\/2014\/11\/AM_2014_11_15_038-300x200.jpg\" alt=\"AM_2014_11_15_038\" width=\"300\" height=\"200\" \/><\/a><figcaption id=\"caption-attachment-4102\" class=\"wp-caption-text\">Galer\u00eda: Ki-61 \u201cTony\u201d, Hasegawa 1\/48<br \/>por Carlos Alba<\/figcaption><\/figure><\/td>\n<td style=\"background-color: #ffffff;\">\n<p><figure id=\"attachment_1879\" aria-describedby=\"caption-attachment-1879\" style=\"width: 300px\" class=\"wp-caption aligncenter\"><a href=\"https:\/\/almeriamodelismo.com\/wp-al\/?p=1869\"><img loading=\"lazy\" decoding=\"async\" class=\"size-medium wp-image-1879\" src=\"https:\/\/almeriamodelismo.com\/wp-al\/wp-content\/uploads\/2014\/01\/Raiden_154-300x200.jpg\" alt=\"Raiden_154\" width=\"300\" height=\"200\" \/><\/a><figcaption id=\"caption-attachment-1879\" class=\"wp-caption-text\">J2M5\/6, Sword 1\/72,<br \/>por V\u00edctor Mart\u00ednez (montaje) y Joaqu\u00edn G\u00aa G\u00e1zquez (pintura)<\/figcaption><\/figure><\/td>\n<\/tr>\n<tr>\n<td style=\"background-color: #ffffff;\">\n<p><figure id=\"attachment_1865\" aria-describedby=\"caption-attachment-1865\" style=\"width: 300px\" class=\"wp-caption aligncenter\"><a href=\"https:\/\/almeriamodelismo.com\/wp-al\/?p=1859\"><img loading=\"lazy\" decoding=\"async\" class=\" wp-image-1865 \" src=\"https:\/\/almeriamodelismo.com\/wp-al\/wp-content\/uploads\/2014\/01\/AM_2014_01_18_21-300x200.jpg\" alt=\"AM_2014_01_18_21\" width=\"300\" height=\"200\" \/><\/a><figcaption id=\"caption-attachment-1865\" class=\"wp-caption-text\">Bell P-63A Kingcobra, Toko 1\/72,<br \/>por Victor Mart\u00ednez<\/figcaption><\/figure><\/td>\n<td style=\"background-color: #ffffff;\">\n<p><figure id=\"attachment_1819\" aria-describedby=\"caption-attachment-1819\" style=\"width: 300px\" class=\"wp-caption aligncenter\"><a href=\"https:\/\/almeriamodelismo.com\/wp-al\/?p=1816\"><img loading=\"lazy\" decoding=\"async\" class=\" wp-image-1819 \" src=\"https:\/\/almeriamodelismo.com\/wp-al\/wp-content\/uploads\/2013\/12\/AM_2013_12_07_17-300x200.jpg\" alt=\"AM_2013_12_07_17\" width=\"300\" height=\"200\" \/><\/a><figcaption id=\"caption-attachment-1819\" class=\"wp-caption-text\">Letov S-231, Kovozavody Prostejov 1\/72,<br \/>por V\u00edctor Mart\u00ednez<\/figcaption><\/figure><\/td>\n<td style=\"background-color: #ffffff;\">\n<p><figure id=\"attachment_1500\" aria-describedby=\"caption-attachment-1500\" style=\"width: 300px\" class=\"wp-caption aligncenter\"><a href=\"https:\/\/almeriamodelismo.com\/wp-al\/?p=1495\"><img loading=\"lazy\" decoding=\"async\" class=\"size-medium wp-image-1500\" src=\"https:\/\/almeriamodelismo.com\/wp-al\/wp-content\/uploads\/2013\/10\/Fw-190_CA_40-300x200.jpg\" alt=\"Fw-190_CA_40\" width=\"300\" height=\"200\" \/><\/a><figcaption id=\"caption-attachment-1500\" class=\"wp-caption-text\">FW 190A-8\/R2, Eduard 1\/48,<br \/>por Carlos Alba<\/figcaption><\/figure><\/td>\n<\/tr>\n<tr>\n<td style=\"background-color: #ffffff;\">\n<p><figure id=\"attachment_1508\" aria-describedby=\"caption-attachment-1508\" style=\"width: 300px\" class=\"wp-caption aligncenter\"><a href=\"https:\/\/almeriamodelismo.com\/wp-al\/?p=1502\"><img loading=\"lazy\" decoding=\"async\" class=\" wp-image-1508 \" src=\"https:\/\/almeriamodelismo.com\/wp-al\/wp-content\/uploads\/2013\/10\/Bf-109_E4_01-300x200.jpg\" alt=\"Bf-109_E4_01\" width=\"300\" height=\"200\" \/><\/a><figcaption id=\"caption-attachment-1508\" class=\"wp-caption-text\">Bf-109 E4, Hobbyboss 1\/72,<br \/>por V\u00edctor Mart\u00ednez<\/figcaption><\/figure><\/td>\n<td style=\"background-color: #ffffff;\">\n<p><figure id=\"attachment_593\" aria-describedby=\"caption-attachment-593\" style=\"width: 300px\" class=\"wp-caption aligncenter\"><a href=\"https:\/\/almeriamodelismo.com\/wp-al\/?p=584\"><img loading=\"lazy\" decoding=\"async\" class=\" wp-image-593 \" src=\"https:\/\/almeriamodelismo.com\/wp-al\/wp-content\/uploads\/2013\/03\/F-14_CA_02i.jpg\" alt=\"F-14_CA_02i\" width=\"300\" height=\"200\" srcset=\"https:\/\/almeriamodelismo.com\/wp-al\/wp-content\/uploads\/2013\/03\/F-14_CA_02i.jpg 270w, https:\/\/almeriamodelismo.com\/wp-al\/wp-content\/uploads\/2013\/03\/F-14_CA_02i-150x100.jpg 150w\" sizes=\"auto, (max-width: 300px) 100vw, 300px\" \/><\/a><figcaption id=\"caption-attachment-593\" class=\"wp-caption-text\">F-14A Tomcat, Italeri 1\/48,<br \/>por Carlos Alba<\/figcaption><\/figure><\/td>\n<td style=\"background-color: #ffffff;\">\n<p><figure id=\"attachment_370\" aria-describedby=\"caption-attachment-370\" style=\"width: 300px\" class=\"wp-caption aligncenter\"><a href=\"https:\/\/almeriamodelismo.com\/wp-al\/?p=368\"><img loading=\"lazy\" decoding=\"async\" class=\" wp-image-370 \" src=\"https:\/\/almeriamodelismo.com\/wp-al\/wp-content\/uploads\/2013\/03\/VML_P-47_02.jpg\" alt=\"VML_P-47_02\" width=\"300\" height=\"200\" srcset=\"https:\/\/almeriamodelismo.com\/wp-al\/wp-content\/uploads\/2013\/03\/VML_P-47_02.jpg 750w, https:\/\/almeriamodelismo.com\/wp-al\/wp-content\/uploads\/2013\/03\/VML_P-47_02-325x217.jpg 325w, https:\/\/almeriamodelismo.com\/wp-al\/wp-content\/uploads\/2013\/03\/VML_P-47_02-375x250.jpg 375w, https:\/\/almeriamodelismo.com\/wp-al\/wp-content\/uploads\/2013\/03\/VML_P-47_02-150x100.jpg 150w\" sizes=\"auto, (max-width: 300px) 100vw, 300px\" \/><\/a><figcaption id=\"caption-attachment-370\" class=\"wp-caption-text\">P-47D Academy 1\/72,<br \/>por V\u00edctor Mart\u00ednez<\/figcaption><\/figure><\/td>\n<\/tr>\n<tr>\n<td style=\"background-color: #ffffff;\">\n<p><figure id=\"attachment_351\" aria-describedby=\"caption-attachment-351\" style=\"width: 300px\" class=\"wp-caption aligncenter\"><a href=\"https:\/\/almeriamodelismo.com\/wp-al\/?p=349\" rel=\"attachment wp-att-351\"><img loading=\"lazy\" decoding=\"async\" class=\" wp-image-351 \" src=\"https:\/\/almeriamodelismo.com\/wp-al\/wp-content\/uploads\/2013\/03\/CA_C-47_05_des.jpg\" alt=\"CA_C-47_05_des\" width=\"300\" height=\"200\" srcset=\"https:\/\/almeriamodelismo.com\/wp-al\/wp-content\/uploads\/2013\/03\/CA_C-47_05_des.jpg 750w, https:\/\/almeriamodelismo.com\/wp-al\/wp-content\/uploads\/2013\/03\/CA_C-47_05_des-325x217.jpg 325w, https:\/\/almeriamodelismo.com\/wp-al\/wp-content\/uploads\/2013\/03\/CA_C-47_05_des-375x250.jpg 375w, https:\/\/almeriamodelismo.com\/wp-al\/wp-content\/uploads\/2013\/03\/CA_C-47_05_des-150x100.jpg 150w\" sizes=\"auto, (max-width: 300px) 100vw, 300px\" \/><\/a><figcaption id=\"caption-attachment-351\" class=\"wp-caption-text\">C-47 Dakota, Italeri 1\/72,<br \/>por Carlos Alba<\/figcaption><\/figure><\/td>\n<td style=\"background-color: #ffffff;\">\n<p><figure id=\"attachment_340\" aria-describedby=\"caption-attachment-340\" style=\"width: 300px\" class=\"wp-caption aligncenter\"><a href=\"https:\/\/almeriamodelismo.com\/wp-al\/?p=337\" rel=\"attachment wp-att-340\"><img loading=\"lazy\" decoding=\"async\" class=\" wp-image-340 \" src=\"https:\/\/almeriamodelismo.com\/wp-al\/wp-content\/uploads\/2013\/03\/VML_109_02.jpg\" alt=\"VML_109_02\" width=\"300\" height=\"200\" srcset=\"https:\/\/almeriamodelismo.com\/wp-al\/wp-content\/uploads\/2013\/03\/VML_109_02.jpg 750w, https:\/\/almeriamodelismo.com\/wp-al\/wp-content\/uploads\/2013\/03\/VML_109_02-325x217.jpg 325w, https:\/\/almeriamodelismo.com\/wp-al\/wp-content\/uploads\/2013\/03\/VML_109_02-375x250.jpg 375w, https:\/\/almeriamodelismo.com\/wp-al\/wp-content\/uploads\/2013\/03\/VML_109_02-150x100.jpg 150w\" sizes=\"auto, (max-width: 300px) 100vw, 300px\" \/><\/a><figcaption id=\"caption-attachment-340\" class=\"wp-caption-text\">Bf-109 E-4, Airfix 1\/72,<br \/>por V\u00edctor Mart\u00ednez<\/figcaption><\/figure><\/td>\n<td style=\"background-color: #ffffff;\">\n<p><figure id=\"attachment_288\" aria-describedby=\"caption-attachment-288\" style=\"width: 300px\" class=\"wp-caption aligncenter\"><a href=\"https:\/\/almeriamodelismo.com\/wp-al\/?p=285\" rel=\"attachment wp-att-288\"><img loading=\"lazy\" decoding=\"async\" class=\"wp-image-288 \" src=\"https:\/\/almeriamodelismo.com\/wp-al\/wp-content\/uploads\/2013\/03\/VML_01.jpg\" alt=\"VML_01\" width=\"300\" height=\"200\" srcset=\"https:\/\/almeriamodelismo.com\/wp-al\/wp-content\/uploads\/2013\/03\/VML_01.jpg 750w, https:\/\/almeriamodelismo.com\/wp-al\/wp-content\/uploads\/2013\/03\/VML_01-325x217.jpg 325w, https:\/\/almeriamodelismo.com\/wp-al\/wp-content\/uploads\/2013\/03\/VML_01-375x250.jpg 375w, https:\/\/almeriamodelismo.com\/wp-al\/wp-content\/uploads\/2013\/03\/VML_01-150x100.jpg 150w\" sizes=\"auto, (max-width: 300px) 100vw, 300px\" \/><\/a><figcaption id=\"caption-attachment-288\" class=\"wp-caption-text\">Morane Saulnier Ms230, Smer 1\/72,<br \/>por Victor Mart\u00ednez<\/figcaption><\/figure><\/td>\n<\/tr>\n<\/tbody>\n<\/table>\n<p>&nbsp;<\/p>\n","protected":false},"excerpt":{"rendered":"<p>&nbsp;<\/p>\n","protected":false},"author":1,"featured_media":3756,"parent":272,"menu_order":0,"comment_status":"open","ping_status":"open","template":"templates\/template-onecolumn.php","meta":{"jetpack_post_was_ever_published":false,"footnotes":""},"class_list":["post-301","page","type-page","status-publish","has-post-thumbnail","hentry"],"jetpack_shortlink":"https:\/\/wp.me\/P3moJ4-4R","jetpack_sharing_enabled":true,"jetpack_likes_enabled":true,"_links":{"self":[{"href":"https:\/\/almeriamodelismo.com\/wp-al\/wp-json\/wp\/v2\/pages\/301","targetHints":{"allow":["GET"]}}],"collection":[{"href":"https:\/\/almeriamodelismo.com\/wp-al\/wp-json\/wp\/v2\/pages"}],"about":[{"href":"https:\/\/almeriamodelismo.com\/wp-al\/wp-json\/wp\/v2\/types\/page"}],"author":[{"embeddable":true,"href":"https:\/\/almeriamodelismo.com\/wp-al\/wp-json\/wp\/v2\/users\/1"}],"replies":[{"embeddable":true,"href":"https:\/\/almeriamodelismo.com\/wp-al\/wp-json\/wp\/v2\/comments?post=301"}],"version-history":[{"count":80,"href":"https:\/\/almeriamodelismo.com\/wp-al\/wp-json\/wp\/v2\/pages\/301\/revisions"}],"predecessor-version":[{"id":8818,"href":"https:\/\/almeriamodelismo.com\/wp-al\/wp-json\/wp\/v2\/pages\/301\/revisions\/8818"}],"up":[{"embeddable":true,"href":"https:\/\/almeriamodelismo.com\/wp-al\/wp-json\/wp\/v2\/pages\/272"}],"wp:featuredmedia":[{"embeddable":true,"href":"https:\/\/almeriamodelismo.com\/wp-al\/wp-json\/wp\/v2\/media\/3756"}],"wp:attachment":[{"href":"https:\/\/almeriamodelismo.com\/wp-al\/wp-json\/wp\/v2\/media?parent=301"}],"curies":[{"name":"wp","href":"https:\/\/api.w.org\/{rel}","templated":true}]}}