{"id":2785,"date":"2014-05-05T23:04:20","date_gmt":"2014-05-05T21:04:20","guid":{"rendered":"http:\/\/almeriamodelismo.com\/wp-al\/?page_id=2785"},"modified":"2014-05-28T07:07:56","modified_gmt":"2014-05-28T05:07:56","slug":"g-t-t-3476-tema-01-limpieza-y-preparacion-de-las-piezas","status":"publish","type":"page","link":"https:\/\/almeriamodelismo.com\/wp-al\/grupos-de-trabajo\/g-t-t-3476-tema-01-limpieza-y-preparacion-de-las-piezas\/","title":{"rendered":"G.T. T-34\/76 &#8211; Tema 01: Limpieza y Preparaci\u00f3n de las Piezas"},"content":{"rendered":"<p>Para empezar con nuestro T-34, lo primero es saber trabajar y preparar las piezas de pl\u00e1stico. Por muy bueno que sea un kit, siempre nos veremos obligados a separar correctamente las piezas de las grapas, eliminar cualquier resto de las mismas, y los restos propios de la inyecci\u00f3n en pl\u00e1stico.<\/p>\n<p>Lo primero que nos har\u00e1 falta, ser\u00e1 contar con los \u00fatiles adecuados, siempre recomiendo comprar material de calidad, lo m\u00ednimo-m\u00ednimo que nos har\u00e1 falta ser\u00e1:<\/p>\n<ol>\n<li>Un Tapete de corte.<\/li>\n<li>Unos Alicates de corte.<\/li>\n<li>Un C\u00fater con la hoja en prefecto estado, siempre habr\u00e1 que tener cuchillas de recambio e ir eliminado las secciones regularmente para que el corte sea perfecto.<\/li>\n<li>Estropajo de Fibra Verde tipo \u00abScoth-Brite\u00bb o similar.<\/li>\n<li>Pegamento Liquido \u00abExtra thin\u00bb de Tamiya o \u00abPoly Clear\u00bb de Humbrol.<\/li>\n<\/ol>\n<p><a href=\"https:\/\/almeriamodelismo.com\/wp-al\/wp-content\/uploads\/2014\/05\/T34-76_48_058.jpg\"><img loading=\"lazy\" decoding=\"async\" class=\"aligncenter size-full wp-image-2786\" src=\"https:\/\/almeriamodelismo.com\/wp-al\/wp-content\/uploads\/2014\/05\/T34-76_48_058.jpg\" alt=\"T34-76_48_058\" width=\"825\" height=\"550\" srcset=\"https:\/\/almeriamodelismo.com\/wp-al\/wp-content\/uploads\/2014\/05\/T34-76_48_058.jpg 825w, https:\/\/almeriamodelismo.com\/wp-al\/wp-content\/uploads\/2014\/05\/T34-76_48_058-325x217.jpg 325w, https:\/\/almeriamodelismo.com\/wp-al\/wp-content\/uploads\/2014\/05\/T34-76_48_058-768x512.jpg 768w, https:\/\/almeriamodelismo.com\/wp-al\/wp-content\/uploads\/2014\/05\/T34-76_48_058-450x300.jpg 450w, https:\/\/almeriamodelismo.com\/wp-al\/wp-content\/uploads\/2014\/05\/T34-76_48_058-150x100.jpg 150w, https:\/\/almeriamodelismo.com\/wp-al\/wp-content\/uploads\/2014\/05\/T34-76_48_058-425x283.jpg 425w, https:\/\/almeriamodelismo.com\/wp-al\/wp-content\/uploads\/2014\/05\/T34-76_48_058-400x267.jpg 400w, https:\/\/almeriamodelismo.com\/wp-al\/wp-content\/uploads\/2014\/05\/T34-76_48_058-375x250.jpg 375w\" sizes=\"auto, (max-width: 825px) 100vw, 825px\" \/><\/a>El primer paso ser\u00e1 separar la pieza de la grapa, lo mas importante es hacerlo sin da\u00f1ar la propia pieza, para ello lo mejor es cortar con los alicates dejando una porci\u00f3n de la grapa en la propia pieza:<\/p>\n<p><a href=\"https:\/\/almeriamodelismo.com\/wp-al\/wp-content\/uploads\/2014\/05\/T34-76_48_063.jpg\"><img loading=\"lazy\" decoding=\"async\" class=\"aligncenter size-full wp-image-2787\" src=\"https:\/\/almeriamodelismo.com\/wp-al\/wp-content\/uploads\/2014\/05\/T34-76_48_063.jpg\" alt=\"T34-76_48_063\" width=\"825\" height=\"550\" srcset=\"https:\/\/almeriamodelismo.com\/wp-al\/wp-content\/uploads\/2014\/05\/T34-76_48_063.jpg 825w, https:\/\/almeriamodelismo.com\/wp-al\/wp-content\/uploads\/2014\/05\/T34-76_48_063-325x217.jpg 325w, https:\/\/almeriamodelismo.com\/wp-al\/wp-content\/uploads\/2014\/05\/T34-76_48_063-768x512.jpg 768w, https:\/\/almeriamodelismo.com\/wp-al\/wp-content\/uploads\/2014\/05\/T34-76_48_063-375x250.jpg 375w, https:\/\/almeriamodelismo.com\/wp-al\/wp-content\/uploads\/2014\/05\/T34-76_48_063-150x100.jpg 150w\" sizes=\"auto, (max-width: 825px) 100vw, 825px\" \/><\/a>El siguiente paso, es retirar el resto de la grapa, para ello se utilizar\u00e1 el c\u00fater, apoyandonos en el propio canto de la pieza, se da un corte, retirando el resto del pl\u00e1stico. Es muy importante que la hoja est\u00e9 en perfecto estado, ya que si no podriamos arrastrar parte de la pieza, lo que nos obligaria a enmasillar y lijar, perdiendo tiempo innecesariamente:, si tenemos dudas podemos empezar haci\u00e9ndolo en dos o tres veces, hasta dejar perfectamente eliminado el resto del bebedero:<\/p>\n<p><a href=\"https:\/\/almeriamodelismo.com\/wp-al\/wp-content\/uploads\/2014\/05\/T34-76_48_067.jpg\"><img loading=\"lazy\" decoding=\"async\" class=\"aligncenter size-full wp-image-2788\" src=\"https:\/\/almeriamodelismo.com\/wp-al\/wp-content\/uploads\/2014\/05\/T34-76_48_067.jpg\" alt=\"T34-76_48_067\" width=\"825\" height=\"550\" srcset=\"https:\/\/almeriamodelismo.com\/wp-al\/wp-content\/uploads\/2014\/05\/T34-76_48_067.jpg 825w, https:\/\/almeriamodelismo.com\/wp-al\/wp-content\/uploads\/2014\/05\/T34-76_48_067-325x217.jpg 325w, https:\/\/almeriamodelismo.com\/wp-al\/wp-content\/uploads\/2014\/05\/T34-76_48_067-768x512.jpg 768w, https:\/\/almeriamodelismo.com\/wp-al\/wp-content\/uploads\/2014\/05\/T34-76_48_067-375x250.jpg 375w, https:\/\/almeriamodelismo.com\/wp-al\/wp-content\/uploads\/2014\/05\/T34-76_48_067-150x100.jpg 150w\" sizes=\"auto, (max-width: 825px) 100vw, 825px\" \/><\/a>El otro gran resto de inyecci\u00f3n que habr\u00e1 que retirar, son las rebabas, estas lineas se forman al filtrar el plastico en el momento de la inyecci\u00f3n en las juntas del molde, cuanto m\u00e1s finas son, de m\u00e1s calidad es el kit de pl\u00e1stico:<\/p>\n<p><a href=\"https:\/\/almeriamodelismo.com\/wp-al\/wp-content\/uploads\/2014\/05\/T34-76_48_073b.jpg\"><img loading=\"lazy\" decoding=\"async\" class=\"aligncenter size-full wp-image-2799\" src=\"https:\/\/almeriamodelismo.com\/wp-al\/wp-content\/uploads\/2014\/05\/T34-76_48_073b.jpg\" alt=\"T34-76_48_073b\" width=\"825\" height=\"550\" srcset=\"https:\/\/almeriamodelismo.com\/wp-al\/wp-content\/uploads\/2014\/05\/T34-76_48_073b.jpg 825w, https:\/\/almeriamodelismo.com\/wp-al\/wp-content\/uploads\/2014\/05\/T34-76_48_073b-325x217.jpg 325w, https:\/\/almeriamodelismo.com\/wp-al\/wp-content\/uploads\/2014\/05\/T34-76_48_073b-768x512.jpg 768w, https:\/\/almeriamodelismo.com\/wp-al\/wp-content\/uploads\/2014\/05\/T34-76_48_073b-375x250.jpg 375w, https:\/\/almeriamodelismo.com\/wp-al\/wp-content\/uploads\/2014\/05\/T34-76_48_073b-150x100.jpg 150w\" sizes=\"auto, (max-width: 825px) 100vw, 825px\" \/><\/a>Una vez retirados los bebederos, el siguiente paso es eliminar todo resto de los mismos y las posibles rebabas, para ello lo mejor es utilizar el cuter, desbastando sin atacar el plastico, hasta borrar las huellas del moldeado:<\/p>\n<p><a href=\"https:\/\/almeriamodelismo.com\/wp-al\/wp-content\/uploads\/2014\/05\/T34-76_48_075.jpg\"><img loading=\"lazy\" decoding=\"async\" class=\"aligncenter size-full wp-image-2790\" src=\"https:\/\/almeriamodelismo.com\/wp-al\/wp-content\/uploads\/2014\/05\/T34-76_48_075.jpg\" alt=\"T34-76_48_075\" width=\"825\" height=\"550\" srcset=\"https:\/\/almeriamodelismo.com\/wp-al\/wp-content\/uploads\/2014\/05\/T34-76_48_075.jpg 825w, https:\/\/almeriamodelismo.com\/wp-al\/wp-content\/uploads\/2014\/05\/T34-76_48_075-325x217.jpg 325w, https:\/\/almeriamodelismo.com\/wp-al\/wp-content\/uploads\/2014\/05\/T34-76_48_075-768x512.jpg 768w, https:\/\/almeriamodelismo.com\/wp-al\/wp-content\/uploads\/2014\/05\/T34-76_48_075-375x250.jpg 375w, https:\/\/almeriamodelismo.com\/wp-al\/wp-content\/uploads\/2014\/05\/T34-76_48_075-150x100.jpg 150w\" sizes=\"auto, (max-width: 825px) 100vw, 825px\" \/><\/a>Es posible, que aun pasando la cuchilla, quede alguna peque\u00f1a protuberancia del bebedero:<\/p>\n<p><a href=\"https:\/\/almeriamodelismo.com\/wp-al\/wp-content\/uploads\/2014\/05\/T34-76_48_077.jpg\"><img loading=\"lazy\" decoding=\"async\" class=\"aligncenter size-full wp-image-2791\" src=\"https:\/\/almeriamodelismo.com\/wp-al\/wp-content\/uploads\/2014\/05\/T34-76_48_077.jpg\" alt=\"T34-76_48_077\" width=\"825\" height=\"550\" srcset=\"https:\/\/almeriamodelismo.com\/wp-al\/wp-content\/uploads\/2014\/05\/T34-76_48_077.jpg 825w, https:\/\/almeriamodelismo.com\/wp-al\/wp-content\/uploads\/2014\/05\/T34-76_48_077-325x217.jpg 325w, https:\/\/almeriamodelismo.com\/wp-al\/wp-content\/uploads\/2014\/05\/T34-76_48_077-768x512.jpg 768w, https:\/\/almeriamodelismo.com\/wp-al\/wp-content\/uploads\/2014\/05\/T34-76_48_077-375x250.jpg 375w, https:\/\/almeriamodelismo.com\/wp-al\/wp-content\/uploads\/2014\/05\/T34-76_48_077-150x100.jpg 150w\" sizes=\"auto, (max-width: 825px) 100vw, 825px\" \/><\/a>Para eso lo mejor es usar limas, yo no las considero herramientas fundamentales, pero si conviene tenerlas a mano, para cuando nos hagan falta:<\/p>\n<p><a href=\"https:\/\/almeriamodelismo.com\/wp-al\/wp-content\/uploads\/2014\/05\/T34-76_48_090.jpg\"><img loading=\"lazy\" decoding=\"async\" class=\"aligncenter size-full wp-image-2802\" src=\"https:\/\/almeriamodelismo.com\/wp-al\/wp-content\/uploads\/2014\/05\/T34-76_48_090.jpg\" alt=\"T34-76_48_090\" width=\"825\" height=\"550\" srcset=\"https:\/\/almeriamodelismo.com\/wp-al\/wp-content\/uploads\/2014\/05\/T34-76_48_090.jpg 825w, https:\/\/almeriamodelismo.com\/wp-al\/wp-content\/uploads\/2014\/05\/T34-76_48_090-325x217.jpg 325w, https:\/\/almeriamodelismo.com\/wp-al\/wp-content\/uploads\/2014\/05\/T34-76_48_090-768x512.jpg 768w, https:\/\/almeriamodelismo.com\/wp-al\/wp-content\/uploads\/2014\/05\/T34-76_48_090-375x250.jpg 375w, https:\/\/almeriamodelismo.com\/wp-al\/wp-content\/uploads\/2014\/05\/T34-76_48_090-150x100.jpg 150w\" sizes=\"auto, (max-width: 825px) 100vw, 825px\" \/><\/a>Para terminar de igualar la rueda, lo mejor es lijarla de forma normal a la superficie, de tal forma que no deformemos la pieza:<\/p>\n<p><a href=\"https:\/\/almeriamodelismo.com\/wp-al\/wp-content\/uploads\/2014\/05\/T34-76_48_079.jpg\"><img loading=\"lazy\" decoding=\"async\" class=\"aligncenter size-full wp-image-2792\" src=\"https:\/\/almeriamodelismo.com\/wp-al\/wp-content\/uploads\/2014\/05\/T34-76_48_079.jpg\" alt=\"T34-76_48_079\" width=\"825\" height=\"550\" srcset=\"https:\/\/almeriamodelismo.com\/wp-al\/wp-content\/uploads\/2014\/05\/T34-76_48_079.jpg 825w, https:\/\/almeriamodelismo.com\/wp-al\/wp-content\/uploads\/2014\/05\/T34-76_48_079-325x217.jpg 325w, https:\/\/almeriamodelismo.com\/wp-al\/wp-content\/uploads\/2014\/05\/T34-76_48_079-768x512.jpg 768w, https:\/\/almeriamodelismo.com\/wp-al\/wp-content\/uploads\/2014\/05\/T34-76_48_079-375x250.jpg 375w, https:\/\/almeriamodelismo.com\/wp-al\/wp-content\/uploads\/2014\/05\/T34-76_48_079-150x100.jpg 150w\" sizes=\"auto, (max-width: 825px) 100vw, 825px\" \/><\/a>Un efecto que se puede hacer, cuando las ruedas de rodaje llevan banda de goma maciza, es imitar los desperfectos propios al rodar, piedras que se cruzan, etc. Para eso lo mejor es utilizar una lima peque\u00f1a de seccion triangular o cuadrangular, mordiendo parte de la banda de goma, \u00a1ojo! no hay que pasarse:<\/p>\n<p><a href=\"https:\/\/almeriamodelismo.com\/wp-al\/wp-content\/uploads\/2014\/05\/T34-76_48_086.jpg\"><img loading=\"lazy\" decoding=\"async\" class=\"aligncenter size-full wp-image-2794\" src=\"https:\/\/almeriamodelismo.com\/wp-al\/wp-content\/uploads\/2014\/05\/T34-76_48_086.jpg\" alt=\"T34-76_48_086\" width=\"825\" height=\"550\" srcset=\"https:\/\/almeriamodelismo.com\/wp-al\/wp-content\/uploads\/2014\/05\/T34-76_48_086.jpg 825w, https:\/\/almeriamodelismo.com\/wp-al\/wp-content\/uploads\/2014\/05\/T34-76_48_086-325x217.jpg 325w, https:\/\/almeriamodelismo.com\/wp-al\/wp-content\/uploads\/2014\/05\/T34-76_48_086-768x512.jpg 768w, https:\/\/almeriamodelismo.com\/wp-al\/wp-content\/uploads\/2014\/05\/T34-76_48_086-375x250.jpg 375w, https:\/\/almeriamodelismo.com\/wp-al\/wp-content\/uploads\/2014\/05\/T34-76_48_086-150x100.jpg 150w\" sizes=\"auto, (max-width: 825px) 100vw, 825px\" \/><\/a>Para terminar con nuestra rueda, la pulimos con el estropajo Scoth Brite:<\/p>\n<p><a href=\"https:\/\/almeriamodelismo.com\/wp-al\/wp-content\/uploads\/2014\/05\/T34-76_48_080.jpg\"><img loading=\"lazy\" decoding=\"async\" class=\"aligncenter size-full wp-image-2793\" src=\"https:\/\/almeriamodelismo.com\/wp-al\/wp-content\/uploads\/2014\/05\/T34-76_48_080.jpg\" alt=\"T34-76_48_080\" width=\"825\" height=\"550\" srcset=\"https:\/\/almeriamodelismo.com\/wp-al\/wp-content\/uploads\/2014\/05\/T34-76_48_080.jpg 825w, https:\/\/almeriamodelismo.com\/wp-al\/wp-content\/uploads\/2014\/05\/T34-76_48_080-325x217.jpg 325w, https:\/\/almeriamodelismo.com\/wp-al\/wp-content\/uploads\/2014\/05\/T34-76_48_080-768x512.jpg 768w, https:\/\/almeriamodelismo.com\/wp-al\/wp-content\/uploads\/2014\/05\/T34-76_48_080-375x250.jpg 375w, https:\/\/almeriamodelismo.com\/wp-al\/wp-content\/uploads\/2014\/05\/T34-76_48_080-150x100.jpg 150w\" sizes=\"auto, (max-width: 825px) 100vw, 825px\" \/><\/a>Aqui el resultado final, la pieza lista para colocarla en el Veh\u00edculo, sin huellas de bebederos o rebabas, y con rastros de haber rodado por los duros caminos del Frente del Este:<\/p>\n<p><a href=\"https:\/\/almeriamodelismo.com\/wp-al\/wp-content\/uploads\/2014\/05\/T34-76_48_088.jpg\"><img loading=\"lazy\" decoding=\"async\" class=\"aligncenter size-full wp-image-2796\" src=\"https:\/\/almeriamodelismo.com\/wp-al\/wp-content\/uploads\/2014\/05\/T34-76_48_088.jpg\" alt=\"T34-76_48_088\" width=\"825\" height=\"550\" srcset=\"https:\/\/almeriamodelismo.com\/wp-al\/wp-content\/uploads\/2014\/05\/T34-76_48_088.jpg 825w, https:\/\/almeriamodelismo.com\/wp-al\/wp-content\/uploads\/2014\/05\/T34-76_48_088-325x217.jpg 325w, https:\/\/almeriamodelismo.com\/wp-al\/wp-content\/uploads\/2014\/05\/T34-76_48_088-768x512.jpg 768w, https:\/\/almeriamodelismo.com\/wp-al\/wp-content\/uploads\/2014\/05\/T34-76_48_088-375x250.jpg 375w, https:\/\/almeriamodelismo.com\/wp-al\/wp-content\/uploads\/2014\/05\/T34-76_48_088-150x100.jpg 150w\" sizes=\"auto, (max-width: 825px) 100vw, 825px\" \/><\/a>Pues bien, esto es lo b\u00e1sico del montaje en pl\u00e1stico, ahora a practicar.<\/p>\n","protected":false},"excerpt":{"rendered":"<p>Para empezar con nuestro T-34, lo primero es saber trabajar y preparar las piezas de pl\u00e1stico. Por muy bueno que&hellip; <\/p>\n","protected":false},"author":1,"featured_media":2786,"parent":2493,"menu_order":0,"comment_status":"open","ping_status":"open","template":"","meta":{"footnotes":""},"class_list":["post-2785","page","type-page","status-publish","has-post-thumbnail","hentry"],"jetpack_shortlink":"https:\/\/wp.me\/P3moJ4-IV","jetpack_sharing_enabled":true,"jetpack_likes_enabled":true,"_links":{"self":[{"href":"https:\/\/almeriamodelismo.com\/wp-al\/wp-json\/wp\/v2\/pages\/2785","targetHints":{"allow":["GET"]}}],"collection":[{"href":"https:\/\/almeriamodelismo.com\/wp-al\/wp-json\/wp\/v2\/pages"}],"about":[{"href":"https:\/\/almeriamodelismo.com\/wp-al\/wp-json\/wp\/v2\/types\/page"}],"author":[{"embeddable":true,"href":"https:\/\/almeriamodelismo.com\/wp-al\/wp-json\/wp\/v2\/users\/1"}],"replies":[{"embeddable":true,"href":"https:\/\/almeriamodelismo.com\/wp-al\/wp-json\/wp\/v2\/comments?post=2785"}],"version-history":[{"count":10,"href":"https:\/\/almeriamodelismo.com\/wp-al\/wp-json\/wp\/v2\/pages\/2785\/revisions"}],"predecessor-version":[{"id":3092,"href":"https:\/\/almeriamodelismo.com\/wp-al\/wp-json\/wp\/v2\/pages\/2785\/revisions\/3092"}],"up":[{"embeddable":true,"href":"https:\/\/almeriamodelismo.com\/wp-al\/wp-json\/wp\/v2\/pages\/2493"}],"wp:featuredmedia":[{"embeddable":true,"href":"https:\/\/almeriamodelismo.com\/wp-al\/wp-json\/wp\/v2\/media\/2786"}],"wp:attachment":[{"href":"https:\/\/almeriamodelismo.com\/wp-al\/wp-json\/wp\/v2\/media?parent=2785"}],"curies":[{"name":"wp","href":"https:\/\/api.w.org\/{rel}","templated":true}]}}