{"id":215,"date":"2013-03-05T00:02:06","date_gmt":"2013-03-05T00:02:06","guid":{"rendered":"http:\/\/almeriamodelismo.wordpress.com\/?page_id=215"},"modified":"2014-05-28T00:15:11","modified_gmt":"2014-05-27T22:15:11","slug":"rincon-del-principiante","status":"publish","type":"page","link":"https:\/\/almeriamodelismo.com\/wp-al\/rincon-del-principiante\/","title":{"rendered":"Rinc\u00f3n del Principiante"},"content":{"rendered":"<p>\u00bfEstas empezando en \u00abesto\u00bb del Modelismo?<\/p>\n<p>\u00bfTe gustan las maquetas y no sabes muy bien como empezar?<\/p>\n<p>Lo primero que tienes que tener claro, es que esto depende de ti, de tu voluntad y tus ganas, no hay una receta m\u00e1gica, lo que prima es tu esfuerzo y tu trabajo.<\/p>\n<p>No obstante, aqui llevas algunas cosas de tu interes.<\/p>\n<p><strong>\u00bfQue necesito para empezar?<\/strong><\/p>\n<p>Para empezar lo primero es un kit de pl\u00e1stico, los hay muy baratos y sencillos, con buen ajuste de sus piezas, ideales para principiantes. Todas las marcas tienen buenos, regulares y mediocres kits, si te gusta la <strong>Aviaci\u00f3n<\/strong>, de Airfix tienes estos, asequibles en comercios locales, y a muy buen precio:<\/p>\n<p style=\"text-align: center;\"><a href=\"https:\/\/almeriamodelismo.com\/wp-al\/?attachment_id=985\" rel=\"attachment wp-att-985\"><img loading=\"lazy\" decoding=\"async\" class=\" wp-image-985 aligncenter\" src=\"https:\/\/almeriamodelismo.com\/wp-al\/wp-content\/uploads\/2013\/03\/A55102-Front-1024x998.jpg\" alt=\"A55102-Front\" width=\"420\" height=\"409\" srcset=\"https:\/\/almeriamodelismo.com\/wp-al\/wp-content\/uploads\/2013\/03\/A55102-Front-1024x998.jpg 1024w, https:\/\/almeriamodelismo.com\/wp-al\/wp-content\/uploads\/2013\/03\/A55102-Front-325x317.jpg 325w, https:\/\/almeriamodelismo.com\/wp-al\/wp-content\/uploads\/2013\/03\/A55102-Front-768x749.jpg 768w, https:\/\/almeriamodelismo.com\/wp-al\/wp-content\/uploads\/2013\/03\/A55102-Front-256x250.jpg 256w, https:\/\/almeriamodelismo.com\/wp-al\/wp-content\/uploads\/2013\/03\/A55102-Front-150x146.jpg 150w, https:\/\/almeriamodelismo.com\/wp-al\/wp-content\/uploads\/2013\/03\/A55102-Front.jpg 1067w\" sizes=\"auto, (max-width: 420px) 100vw, 420px\" \/><\/a><\/p>\n<p>Como veis algunas ediciones, traen hasta su pegamento, y un set b\u00e1sico de pintura, otros excelentes kits a 1\/72 de Airfix, ideales para principiantes son el P-40, el P-51, el Skyhawk , el Mig 15 o el Folland Gnat.<\/p>\n<p>Tambi\u00e9n es muy recomendable la serie <a href=\"http:\/\/www.hobbyboss.com\/plus\/list.php?tid=48\">Easy kit de Hobbyboss<\/a><\/p>\n<p>Si lo tuyo son los <strong>Veh\u00edculos Militares<\/strong>, tambien existen buenas opciones, la serie de los <a href=\"http:\/\/www.trumpeter-china.com\/a\/en\/product\/armor\/1_35_Series\/2010\/1116\/1464.html\">KV de Trumpeter a 1\/35<\/a>, son excelentes kits a un precio sensacional, perfectos para comenzar.<\/p>\n<p><a href=\"http:\/\/www.tamiya.com\/english\/products\/32504tiger1\/pckg.jpg\"><img loading=\"lazy\" decoding=\"async\" class=\"aligncenter\" src=\"http:\/\/www.tamiya.com\/english\/products\/32504tiger1\/pckg.jpg\" alt=\"\" width=\"450\" height=\"288\" \/><\/a><\/p>\n<p>Algo mas caros, pero exquisitos de factura, son los de la serie de <a href=\"http:\/\/www.tamiya.com\/english\/products\/mmv\/index.htm#catalog\">Tamiya a 1\/48<\/a>, estos kits son altamente recomendables para aquellos que empiezan, aunque un poco m\u00e1s caros.<\/p>\n<p><strong>Como se Monta:<\/strong><\/p>\n<p>Har\u00e1 ya como 10 a\u00f1os o as\u00ed, escribi este <a href=\"http:\/\/www.panzernet.com\/articulos\/tecnicas\/montaje\/herraplast\/herraplast_jg.htm\" target=\"_blank\">tutorial b\u00e1sico para trabajar el pl\u00e1stico<\/a>\u00a0en Panzernet, creo que os servir\u00e1.<\/p>\n<p><strong>Webs de ayuda:<\/strong><\/p>\n<p>Hay cientos, por no decir miles, yo os voy a recomendar dos foros en lengua castellana, llenos de gente muy preparada, dispuesta a ayudaros:<\/p>\n<p>Aviaci\u00f3n: <a href=\"http:\/\/www.network54.com\/Forum\/615009\/\" target=\"_blank\">Escala Espa\u00f1ola<\/a><\/p>\n<p>Veh\u00edculos Militares: <a href=\"http:\/\/www.panzernet.com\/foro4\/forum.php\" target=\"_blank\">Panzernet<\/a><\/p>\n<p><strong>Resumen:<\/strong><\/p>\n<p>En definitiva, hay una multitud de opciones y variables al gusto de cada uno, esto es solo una peque\u00f1a pincelada, para poneros en el camino, poco a poco y en funci\u00f3n de vuestros gustos y habilidades, ya ireis avanzando y encontrando vuestro camino en el Hobby.<\/p>\n<p>Espero que esta peque\u00f1a introducci\u00f3n, os haya sido de utilidad. Por supuesto que este Rinc\u00f3n, puede completarse seg\u00fan vuestras sugerencias e ideas, y siempre podeis usar el Mail: <a href=\"mailto:almeriamodelismo@aol.com\">almeriamodelismo@aol.com<\/a>, para contactarnos y plantearnos vuestras dudas.<\/p>\n<p>Buen Modelismo.<\/p>\n","protected":false},"excerpt":{"rendered":"<p>\u00bfEstas empezando en \u00abesto\u00bb del Modelismo? \u00bfTe gustan las maquetas y no sabes muy bien como empezar? Lo primero que&hellip; <\/p>\n","protected":false},"author":1,"featured_media":0,"parent":0,"menu_order":30,"comment_status":"open","ping_status":"closed","template":"templates\/template-onecolumn.php","meta":{"footnotes":""},"class_list":["post-215","page","type-page","status-publish","hentry"],"jetpack_shortlink":"https:\/\/wp.me\/P3moJ4-3t","jetpack_sharing_enabled":true,"jetpack_likes_enabled":true,"_links":{"self":[{"href":"https:\/\/almeriamodelismo.com\/wp-al\/wp-json\/wp\/v2\/pages\/215","targetHints":{"allow":["GET"]}}],"collection":[{"href":"https:\/\/almeriamodelismo.com\/wp-al\/wp-json\/wp\/v2\/pages"}],"about":[{"href":"https:\/\/almeriamodelismo.com\/wp-al\/wp-json\/wp\/v2\/types\/page"}],"author":[{"embeddable":true,"href":"https:\/\/almeriamodelismo.com\/wp-al\/wp-json\/wp\/v2\/users\/1"}],"replies":[{"embeddable":true,"href":"https:\/\/almeriamodelismo.com\/wp-al\/wp-json\/wp\/v2\/comments?post=215"}],"version-history":[{"count":16,"href":"https:\/\/almeriamodelismo.com\/wp-al\/wp-json\/wp\/v2\/pages\/215\/revisions"}],"predecessor-version":[{"id":2620,"href":"https:\/\/almeriamodelismo.com\/wp-al\/wp-json\/wp\/v2\/pages\/215\/revisions\/2620"}],"wp:attachment":[{"href":"https:\/\/almeriamodelismo.com\/wp-al\/wp-json\/wp\/v2\/media?parent=215"}],"curies":[{"name":"wp","href":"https:\/\/api.w.org\/{rel}","templated":true}]}}