{"id":15945,"date":"2026-03-10T00:58:36","date_gmt":"2026-03-09T22:58:36","guid":{"rendered":"https:\/\/almeriamodelismo.com\/wp-al\/?page_id=15945"},"modified":"2026-03-10T07:25:05","modified_gmt":"2026-03-10T05:25:05","slug":"un-fin-de-semana-con-gustavo-gil","status":"publish","type":"page","link":"https:\/\/almeriamodelismo.com\/wp-al\/actividades\/un-fin-de-semana-con-gustavo-gil\/","title":{"rendered":"Un fin de semana con Gustavo Gil"},"content":{"rendered":"<h1>Un fin de semana con Gustavo Gil<\/h1>\n<h3>Pintura de miniaturas hist\u00f3ricas en Almer\u00eda Modelismo<\/h3>\n<p>El pasado fin de semana tuvimos el privilegio de recibir en nuestra asociaci\u00f3n a<br \/>\n<strong>Gustavo Gil<\/strong>, reconocido pintor de miniaturas hist\u00f3ricas. Durante las jornadas del<br \/>\ns\u00e1bado y domingo por la ma\u00f1ana comparti\u00f3 con los socios de Almer\u00eda Modelismo su experiencia,<br \/>\nt\u00e9cnicas de pintura y numerosos consejos fruto de a\u00f1os de dedicaci\u00f3n a la figura hist\u00f3rica.<\/p>\n<p>El encuentro reuni\u00f3 a <strong>14 socios<\/strong> en dos intensas sesiones de trabajo donde se pudieron<br \/>\nobservar demostraciones de pintura, comentar proyectos personales y disfrutar de un ambiente<br \/>\nde aprendizaje y compa\u00f1erismo alrededor del modelismo.<\/p>\n<div class=\"galeria-principal\">\n<figure id=\"attachment_16202\" aria-describedby=\"caption-attachment-16202\" style=\"width: 790px\" class=\"wp-caption aligncenter\"><a href=\"https:\/\/almeriamodelismo.com\/wp-al\/wp-content\/uploads\/2026\/03\/Jornadas_GGG_235.png\"><img loading=\"lazy\" decoding=\"async\" class=\"wp-image-16202 size-large\" src=\"https:\/\/almeriamodelismo.com\/wp-al\/wp-content\/uploads\/2026\/03\/Jornadas_GGG_211-1024x681.png\" alt=\"\" width=\"790\" height=\"525\" \/><\/a><figcaption id=\"caption-attachment-16202\" class=\"wp-caption-text\">Gustavo Gil trabajando con los socios<\/figcaption><\/figure>\n<figure id=\"attachment_16202\" aria-describedby=\"caption-attachment-16202\" style=\"width: 790px\" class=\"wp-caption aligncenter\"><a href=\"https:\/\/almeriamodelismo.com\/wp-al\/wp-content\/uploads\/2026\/03\/Jornadas_GGG_235.png\"><img loading=\"lazy\" decoding=\"async\" class=\"wp-image-16202 size-large\" src=\"https:\/\/almeriamodelismo.com\/wp-al\/wp-content\/uploads\/2026\/03\/Jornadas_GGG_235-1024x681.png\" alt=\"\" width=\"790\" height=\"525\" srcset=\"https:\/\/almeriamodelismo.com\/wp-al\/wp-content\/uploads\/2026\/03\/Jornadas_GGG_235-1024x681.png 1024w, https:\/\/almeriamodelismo.com\/wp-al\/wp-content\/uploads\/2026\/03\/Jornadas_GGG_235-325x216.png 325w, https:\/\/almeriamodelismo.com\/wp-al\/wp-content\/uploads\/2026\/03\/Jornadas_GGG_235-768x511.png 768w, https:\/\/almeriamodelismo.com\/wp-al\/wp-content\/uploads\/2026\/03\/Jornadas_GGG_235.png 1100w\" sizes=\"auto, (max-width: 790px) 100vw, 790px\" \/><\/a><figcaption id=\"caption-attachment-16202\" class=\"wp-caption-text\">Sesi\u00f3n de trabajo en Almer\u00eda Modelismo<\/figcaption><\/figure>\n<figure id=\"attachment_16008\" aria-describedby=\"caption-attachment-16008\" style=\"width: 790px\" class=\"wp-caption aligncenter\"><a href=\"https:\/\/almeriamodelismo.com\/wp-al\/wp-content\/uploads\/2026\/03\/Jornadas_GGG_101.png\"><img loading=\"lazy\" decoding=\"async\" class=\"wp-image-16008 size-large\" src=\"https:\/\/almeriamodelismo.com\/wp-al\/wp-content\/uploads\/2026\/03\/Jornadas_GGG_101-1024x1024.png\" alt=\"\" width=\"790\" height=\"790\" srcset=\"https:\/\/almeriamodelismo.com\/wp-al\/wp-content\/uploads\/2026\/03\/Jornadas_GGG_101-1024x1024.png 1024w, https:\/\/almeriamodelismo.com\/wp-al\/wp-content\/uploads\/2026\/03\/Jornadas_GGG_101-300x300.png 300w, https:\/\/almeriamodelismo.com\/wp-al\/wp-content\/uploads\/2026\/03\/Jornadas_GGG_101-200x200.png 200w, https:\/\/almeriamodelismo.com\/wp-al\/wp-content\/uploads\/2026\/03\/Jornadas_GGG_101-768x768.png 768w, https:\/\/almeriamodelismo.com\/wp-al\/wp-content\/uploads\/2026\/03\/Jornadas_GGG_101.png 1100w\" sizes=\"auto, (max-width: 790px) 100vw, 790px\" \/><\/a><figcaption id=\"caption-attachment-16008\" class=\"wp-caption-text\">Figura pintada por Gustavo Gil<\/figcaption><\/figure>\n<p><span style=\"font-size: 29px; font-weight: bold;\">Contenido del reportaje<\/span><\/p>\n<\/div>\n<ul>\n<li><a href=\"https:\/\/almeriamodelismo.com\/wp-al\/gustavo-gil-pintor-de-miniaturas-historicas\/\" target=\"_blank\" rel=\"noopener\">Perfil del artista: Gustavo Gil<\/a><\/li>\n<li><a href=\"https:\/\/almeriamodelismo.com\/wp-al\/el-taller-con-los-socios\/\" target=\"_blank\" rel=\"noopener\">El taller con los socios<\/a><\/li>\n<li><a href=\"https:\/\/almeriamodelismo.com\/wp-al\/trabajos-de-los-socios-de-almeria-modelismo\/\" target=\"_blank\" rel=\"noopener\">Trabajos de los socios de Almer\u00eda Modelismo<\/a><\/li>\n<\/ul>\n<p>Desde <strong>Almer\u00eda Modelismo<\/strong> queremos agradecer a Gustavo Gil su cercan\u00eda y generosidad<br \/>\nal compartir su experiencia con todos nosotros.<\/p>\n","protected":false},"excerpt":{"rendered":"<p>Un fin de semana con Gustavo Gil Pintura de miniaturas hist\u00f3ricas en Almer\u00eda Modelismo El pasado fin de semana tuvimos&hellip; <\/p>\n","protected":false},"author":1,"featured_media":16215,"parent":3341,"menu_order":0,"comment_status":"closed","ping_status":"closed","template":"","meta":{"jetpack_post_was_ever_published":false,"footnotes":""},"class_list":["post-15945","page","type-page","status-publish","has-post-thumbnail","hentry"],"jetpack_shortlink":"https:\/\/wp.me\/P3moJ4-49b","jetpack_sharing_enabled":true,"jetpack_likes_enabled":true,"_links":{"self":[{"href":"https:\/\/almeriamodelismo.com\/wp-al\/wp-json\/wp\/v2\/pages\/15945","targetHints":{"allow":["GET"]}}],"collection":[{"href":"https:\/\/almeriamodelismo.com\/wp-al\/wp-json\/wp\/v2\/pages"}],"about":[{"href":"https:\/\/almeriamodelismo.com\/wp-al\/wp-json\/wp\/v2\/types\/page"}],"author":[{"embeddable":true,"href":"https:\/\/almeriamodelismo.com\/wp-al\/wp-json\/wp\/v2\/users\/1"}],"replies":[{"embeddable":true,"href":"https:\/\/almeriamodelismo.com\/wp-al\/wp-json\/wp\/v2\/comments?post=15945"}],"version-history":[{"count":7,"href":"https:\/\/almeriamodelismo.com\/wp-al\/wp-json\/wp\/v2\/pages\/15945\/revisions"}],"predecessor-version":[{"id":16221,"href":"https:\/\/almeriamodelismo.com\/wp-al\/wp-json\/wp\/v2\/pages\/15945\/revisions\/16221"}],"up":[{"embeddable":true,"href":"https:\/\/almeriamodelismo.com\/wp-al\/wp-json\/wp\/v2\/pages\/3341"}],"wp:featuredmedia":[{"embeddable":true,"href":"https:\/\/almeriamodelismo.com\/wp-al\/wp-json\/wp\/v2\/media\/16215"}],"wp:attachment":[{"href":"https:\/\/almeriamodelismo.com\/wp-al\/wp-json\/wp\/v2\/media?parent=15945"}],"curies":[{"name":"wp","href":"https:\/\/api.w.org\/{rel}","templated":true}]}}